{"id":2603,"date":"2023-04-20T12:16:03","date_gmt":"2023-04-20T10:16:03","guid":{"rendered":"https:\/\/kastelletvaxholm.se\/?page_id=2603"},"modified":"2024-01-17T06:38:44","modified_gmt":"2024-01-17T05:38:44","slug":"boats-to-sjovillan-rindo","status":"publish","type":"page","link":"https:\/\/kastelletvaxholm.se\/en\/boats-to-sjovillan-rindo\/","title":{"rendered":"Boats to Sj\u00f6villan\/Rind\u00f6"},"content":{"rendered":"<p>To get to Sj\u00f6villan and Rind\u00f6, a shorter boat trip of about 8 minutes is requiers.<\/p>\n<p>&nbsp;<\/p>\n<h3>Road ferry<\/h3>\n<p>All year round there is a free road ferry beteween Vaxholm and Rind\u00f6 and you can go with or without car and it is not something you need to book in advance.<\/p>\n<p>Below is information about the timetable and current traffic information.<\/p>\n<p>The road ferry goes from V\u00e4sterhamnsplan 6 in Vaxholm.<\/p>\n<p><a href=\"https:\/\/www.trafikverket.se\/resa-och-trafik\/farjetrafik\/vaxholmsleden\/\" target=\"_blank\" rel=\"noopener\">Vaxholmsleden &#8211; www.trafikverket.se<\/a><\/p>\n","protected":false},"excerpt":{"rendered":"<p>To get to Sj\u00f6villan and Rind\u00f6, a shorter boat trip of about 8 minutes is requiers. &nbsp; Road ferry All year round there is a free road ferry beteween Vaxholm and Rind\u00f6 and you can go with or without car and it is not something&#8230;<\/p>\n","protected":false},"author":4,"featured_media":0,"parent":0,"menu_order":0,"comment_status":"closed","ping_status":"closed","template":"","meta":{"inline_featured_image":false,"footnotes":""},"class_list":["post-2603","page","type-page","status-publish","hentry"],"yoast_head":"<!-- This site is optimized with the Yoast SEO plugin v27.4 - https:\/\/yoast.com\/product\/yoast-seo-wordpress\/ -->\n<title>Boats to Sj\u00f6villan\/Rind\u00f6 - Kastellet Bed &amp; Breakfast<\/title>\n<meta name=\"robots\" content=\"index, follow, max-snippet:-1, max-image-preview:large, max-video-preview:-1\" \/>\n<link rel=\"canonical\" href=\"https:\/\/kastelletvaxholm.se\/en\/boats-to-sjovillan-rindo\/\" \/>\n<meta property=\"og:locale\" content=\"en_US\" \/>\n<meta property=\"og:type\" content=\"article\" \/>\n<meta property=\"og:title\" content=\"Boats to Sj\u00f6villan\/Rind\u00f6 - Kastellet Bed &amp; Breakfast\" \/>\n<meta property=\"og:description\" content=\"To get to Sj\u00f6villan and Rind\u00f6, a shorter boat trip of about 8 minutes is requiers. &nbsp; Road ferry All year round there is a free road ferry beteween Vaxholm and Rind\u00f6 and you can go with or without car and it is not something...\" \/>\n<meta property=\"og:url\" content=\"https:\/\/kastelletvaxholm.se\/en\/boats-to-sjovillan-rindo\/\" \/>\n<meta property=\"og:site_name\" content=\"Kastellet Bed &amp; Breakfast\" \/>\n<meta property=\"article:modified_time\" content=\"2024-01-17T05:38:44+00:00\" \/>\n<meta name=\"twitter:card\" content=\"summary_large_image\" \/>\n<meta name=\"twitter:label1\" content=\"Est. reading time\" \/>\n\t<meta name=\"twitter:data1\" content=\"1 minute\" \/>\n<script type=\"application\/ld+json\" class=\"yoast-schema-graph\">{\"@context\":\"https:\\\/\\\/schema.org\",\"@graph\":[{\"@type\":\"WebPage\",\"@id\":\"https:\\\/\\\/kastelletvaxholm.se\\\/en\\\/boats-to-sjovillan-rindo\\\/\",\"url\":\"https:\\\/\\\/kastelletvaxholm.se\\\/en\\\/boats-to-sjovillan-rindo\\\/\",\"name\":\"Boats to Sj\u00f6villan\\\/Rind\u00f6 - Kastellet Bed &amp; Breakfast\",\"isPartOf\":{\"@id\":\"https:\\\/\\\/kastelletvaxholm.se\\\/en\\\/#website\"},\"datePublished\":\"2023-04-20T10:16:03+00:00\",\"dateModified\":\"2024-01-17T05:38:44+00:00\",\"breadcrumb\":{\"@id\":\"https:\\\/\\\/kastelletvaxholm.se\\\/en\\\/boats-to-sjovillan-rindo\\\/#breadcrumb\"},\"inLanguage\":\"en-US\",\"potentialAction\":[{\"@type\":\"ReadAction\",\"target\":[\"https:\\\/\\\/kastelletvaxholm.se\\\/en\\\/boats-to-sjovillan-rindo\\\/\"]}]},{\"@type\":\"BreadcrumbList\",\"@id\":\"https:\\\/\\\/kastelletvaxholm.se\\\/en\\\/boats-to-sjovillan-rindo\\\/#breadcrumb\",\"itemListElement\":[{\"@type\":\"ListItem\",\"position\":1,\"name\":\"Hem\",\"item\":\"https:\\\/\\\/kastelletvaxholm.se\\\/en\\\/\"},{\"@type\":\"ListItem\",\"position\":2,\"name\":\"Boats to Sj\u00f6villan\\\/Rind\u00f6\"}]},{\"@type\":\"WebSite\",\"@id\":\"https:\\\/\\\/kastelletvaxholm.se\\\/en\\\/#website\",\"url\":\"https:\\\/\\\/kastelletvaxholm.se\\\/en\\\/\",\"name\":\"Kastellet Bed &amp; Breakfast\",\"description\":\"Upplev Stockholms sk\u00e4rg\u00e5rd och bo p\u00e5 Vaxholms Kastell i en unik milj\u00f6 med anor fr\u00e5n 1500-talet\",\"potentialAction\":[{\"@type\":\"SearchAction\",\"target\":{\"@type\":\"EntryPoint\",\"urlTemplate\":\"https:\\\/\\\/kastelletvaxholm.se\\\/en\\\/?s={search_term_string}\"},\"query-input\":{\"@type\":\"PropertyValueSpecification\",\"valueRequired\":true,\"valueName\":\"search_term_string\"}}],\"inLanguage\":\"en-US\"}]}<\/script>\n<!-- \/ Yoast SEO plugin. -->","yoast_head_json":{"title":"Boats to Sj\u00f6villan\/Rind\u00f6 - Kastellet Bed &amp; Breakfast","robots":{"index":"index","follow":"follow","max-snippet":"max-snippet:-1","max-image-preview":"max-image-preview:large","max-video-preview":"max-video-preview:-1"},"canonical":"https:\/\/kastelletvaxholm.se\/en\/boats-to-sjovillan-rindo\/","og_locale":"en_US","og_type":"article","og_title":"Boats to Sj\u00f6villan\/Rind\u00f6 - Kastellet Bed &amp; Breakfast","og_description":"To get to Sj\u00f6villan and Rind\u00f6, a shorter boat trip of about 8 minutes is requiers. &nbsp; Road ferry All year round there is a free road ferry beteween Vaxholm and Rind\u00f6 and you can go with or without car and it is not something...","og_url":"https:\/\/kastelletvaxholm.se\/en\/boats-to-sjovillan-rindo\/","og_site_name":"Kastellet Bed &amp; Breakfast","article_modified_time":"2024-01-17T05:38:44+00:00","twitter_card":"summary_large_image","twitter_misc":{"Est. reading time":"1 minute"},"schema":{"@context":"https:\/\/schema.org","@graph":[{"@type":"WebPage","@id":"https:\/\/kastelletvaxholm.se\/en\/boats-to-sjovillan-rindo\/","url":"https:\/\/kastelletvaxholm.se\/en\/boats-to-sjovillan-rindo\/","name":"Boats to Sj\u00f6villan\/Rind\u00f6 - Kastellet Bed &amp; Breakfast","isPartOf":{"@id":"https:\/\/kastelletvaxholm.se\/en\/#website"},"datePublished":"2023-04-20T10:16:03+00:00","dateModified":"2024-01-17T05:38:44+00:00","breadcrumb":{"@id":"https:\/\/kastelletvaxholm.se\/en\/boats-to-sjovillan-rindo\/#breadcrumb"},"inLanguage":"en-US","potentialAction":[{"@type":"ReadAction","target":["https:\/\/kastelletvaxholm.se\/en\/boats-to-sjovillan-rindo\/"]}]},{"@type":"BreadcrumbList","@id":"https:\/\/kastelletvaxholm.se\/en\/boats-to-sjovillan-rindo\/#breadcrumb","itemListElement":[{"@type":"ListItem","position":1,"name":"Hem","item":"https:\/\/kastelletvaxholm.se\/en\/"},{"@type":"ListItem","position":2,"name":"Boats to Sj\u00f6villan\/Rind\u00f6"}]},{"@type":"WebSite","@id":"https:\/\/kastelletvaxholm.se\/en\/#website","url":"https:\/\/kastelletvaxholm.se\/en\/","name":"Kastellet Bed &amp; Breakfast","description":"Upplev Stockholms sk\u00e4rg\u00e5rd och bo p\u00e5 Vaxholms Kastell i en unik milj\u00f6 med anor fr\u00e5n 1500-talet","potentialAction":[{"@type":"SearchAction","target":{"@type":"EntryPoint","urlTemplate":"https:\/\/kastelletvaxholm.se\/en\/?s={search_term_string}"},"query-input":{"@type":"PropertyValueSpecification","valueRequired":true,"valueName":"search_term_string"}}],"inLanguage":"en-US"}]}},"_links":{"self":[{"href":"https:\/\/kastelletvaxholm.se\/en\/wp-json\/wp\/v2\/pages\/2603","targetHints":{"allow":["GET"]}}],"collection":[{"href":"https:\/\/kastelletvaxholm.se\/en\/wp-json\/wp\/v2\/pages"}],"about":[{"href":"https:\/\/kastelletvaxholm.se\/en\/wp-json\/wp\/v2\/types\/page"}],"author":[{"embeddable":true,"href":"https:\/\/kastelletvaxholm.se\/en\/wp-json\/wp\/v2\/users\/4"}],"replies":[{"embeddable":true,"href":"https:\/\/kastelletvaxholm.se\/en\/wp-json\/wp\/v2\/comments?post=2603"}],"version-history":[{"count":0,"href":"https:\/\/kastelletvaxholm.se\/en\/wp-json\/wp\/v2\/pages\/2603\/revisions"}],"wp:attachment":[{"href":"https:\/\/kastelletvaxholm.se\/en\/wp-json\/wp\/v2\/media?parent=2603"}],"curies":[{"name":"wp","href":"https:\/\/api.w.org\/{rel}","templated":true}]}}