{"id":583,"date":"2018-01-22T13:50:58","date_gmt":"2018-01-22T12:50:58","guid":{"rendered":"http:\/\/kastelletvaxholm.se\/?page_id=583"},"modified":"2022-02-09T15:53:02","modified_gmt":"2022-02-09T14:53:02","slug":"home","status":"publish","type":"page","link":"https:\/\/kastelletvaxholm.se\/en\/","title":{"rendered":"Home"},"content":{"rendered":"<div class=\"wpb-content-wrapper\"><p>[vc_row css_animation=&#8221;&#8221; row_type=&#8221;row&#8221; use_row_as_full_screen_section=&#8221;no&#8221; type=&#8221;full_width&#8221; angled_section=&#8221;no&#8221; text_align=&#8221;left&#8221; background_image_as_pattern=&#8221;without_pattern&#8221; z_index=&#8221;&#8221; el_class=&#8221;usp&#8221;][vc_column][vc_row_inner row_type=&#8221;row&#8221; type=&#8221;grid&#8221; text_align=&#8221;center&#8221; css_animation=&#8221;&#8221;][vc_column_inner width=&#8221;1\/3&#8243;][vc_column_text]Always best price on our website[\/vc_column_text][\/vc_column_inner][vc_column_inner width=&#8221;1\/3&#8243;][vc_column_text]Free wi-fi[\/vc_column_text][\/vc_column_inner][vc_column_inner width=&#8221;1\/3&#8243;][vc_column_text]Breakfast always included[\/vc_column_text][\/vc_column_inner][\/vc_row_inner][\/vc_column][\/vc_row][vc_row css_animation=&#8221;&#8221; row_type=&#8221;row&#8221; use_row_as_full_screen_section=&#8221;no&#8221; type=&#8221;full_width&#8221; angled_section=&#8221;no&#8221; text_align=&#8221;left&#8221; background_image_as_pattern=&#8221;without_pattern&#8221; z_index=&#8221;&#8221; el_class=&#8221;start-boxes&#8221;][vc_column][vc_row_inner row_type=&#8221;row&#8221; type=&#8221;grid&#8221; text_align=&#8221;center&#8221; css_animation=&#8221;&#8221; el_class=&#8221;content-margin&#8221;][vc_column_inner offset=&#8221;vc_col-lg-6 vc_col-md-12 vc_col-xs-12&#8243;]<div class='latest_post_two_holder two_columns'><ul><li class=\"clearfix\"><div class=\"latest_post_two_image\"><a itemprop=\"url\" href=\"https:\/\/kastelletvaxholm.se\/en\/bo-3-natter-15\/\"><img loading=\"lazy\" decoding=\"async\" src=\"https:\/\/kastelletvaxholm.se\/wp-content\/uploads\/2018\/01\/rum-500x450.jpeg\" alt=\"\" width=\"500\" height=\"450\" \/><\/a><\/div><div class=\"latest_post_two_inner\" ><div class=\"latest_post_two_text\"><h3 itemprop=\"name\" class=\"latest_post_two_title entry_title\"><a itemprop=\"url\" href=\"https:\/\/kastelletvaxholm.se\/en\/bo-3-natter-15\/\" >Long Stay deal -15%<\/a><\/h3><p itemprop=\"description\" class=\"latest_post_two_excerpt\" >Stay a little longer and save more, if you stay for three nights or more, you get up to 15% off. Pri<\/p><\/div><a itemprop=\"url\" href=\"https:\/\/kastelletvaxholm.se\/en\/bo-3-natter-15\/\" target=\"_self\" class=\"qbutton  center default\" style=\"\">Read more<i class=\"qode_icon_font_awesome fa fa-angle-right qode_button_icon_element\" style=\"\"><\/i><\/a><\/li><li class=\"clearfix\"><div class=\"latest_post_two_image\"><a itemprop=\"url\" href=\"https:\/\/kastelletvaxholm.se\/en\/sondags-deal\/\"><img loading=\"lazy\" decoding=\"async\" src=\"https:\/\/kastelletvaxholm.se\/wp-content\/uploads\/2018\/01\/bukett-500x450.jpeg\" alt=\"\" width=\"500\" height=\"450\" \/><\/a><\/div><div class=\"latest_post_two_inner\" ><div class=\"latest_post_two_text\"><h3 itemprop=\"name\" class=\"latest_post_two_title entry_title\"><a itemprop=\"url\" href=\"https:\/\/kastelletvaxholm.se\/en\/sondags-deal\/\" >Sunday Deal<\/a><\/h3><p itemprop=\"description\" class=\"latest_post_two_excerpt\" >You can save 20% on booking an overnight one Sunday from May to September. Price is adjusted directl<\/p><\/div><a itemprop=\"url\" href=\"https:\/\/kastelletvaxholm.se\/en\/sondags-deal\/\" target=\"_self\" class=\"qbutton  center default\" style=\"\">Read more<i class=\"qode_icon_font_awesome fa fa-angle-right qode_button_icon_element\" style=\"\"><\/i><\/a><\/li><\/ul><\/div>[\/vc_column_inner][vc_column_inner width=&#8221;1\/2&#8243; offset=&#8221;vc_col-lg-3 vc_col-md-6 vc_col-xs-12&#8243;][vc_single_image image=&#8221;424&#8243; img_size=&#8221;square&#8221; onclick=&#8221;custom_link&#8221; qode_css_animation=&#8221;&#8221; qode_hover_animation=&#8221;darken&#8221; el_class=&#8221;margin-15&#8243; link=&#8221;https:\/\/kastelletvaxholm.se\/en\/hotel-booking\/our-rooms\/private-section\/&#8221;][vc_column_text el_class=&#8221;margin-15 center&#8221;]<\/p>\n<h3>Private section<\/h3>\n<p>[\/vc_column_text][vc_column_text]Package deal with three triples, a double bedroom and a lounge with sofa, armchairs, TV , wine cooler.[\/vc_column_text]<a  itemprop=\"url\" href=\"https:\/\/kastelletvaxholm.se\/en\/hotel-booking\/our-rooms\/private-section\/\" target=\"_self\"  class=\"qbutton  center default\" style=\"\">Read more<i class=\"qode_icon_font_awesome fa fa-angle-right qode_button_icon_element\" style=\"\" ><\/i><\/a>[\/vc_column_inner][vc_column_inner width=&#8221;1\/2&#8243; offset=&#8221;vc_col-lg-3 vc_col-md-6 vc_col-xs-12&#8243;][vc_single_image image=&#8221;421&#8243; img_size=&#8221;square&#8221; onclick=&#8221;custom_link&#8221; qode_css_animation=&#8221;&#8221; qode_hover_animation=&#8221;darken&#8221; el_class=&#8221;margin-15&#8243; link=&#8221;https:\/\/kastelletvaxholm.se\/en\/hotel-booking\/gift-card\/&#8221;][vc_column_text el_class=&#8221;margin-15 center&#8221;]<\/p>\n<h3>Gift Card<\/h3>\n<p>[\/vc_column_text][vc_column_text]Choose the amount, we will send you a gift card in a nice envelope to the address you specify in the notification area.[\/vc_column_text]<a  itemprop=\"url\" href=\"https:\/\/kastelletvaxholm.se\/en\/hotel-booking\/gift-card\/\" target=\"_self\"  class=\"qbutton  default\" style=\"\">Read more<i class=\"qode_icon_font_awesome fa fa-angle-right qode_button_icon_element\" style=\"\" ><\/i><\/a>[\/vc_column_inner][\/vc_row_inner][\/vc_column][\/vc_row][vc_row css_animation=&#8221;&#8221; row_type=&#8221;row&#8221; use_row_as_full_screen_section=&#8221;no&#8221; type=&#8221;full_width&#8221; angled_section=&#8221;no&#8221; text_align=&#8221;left&#8221; background_image_as_pattern=&#8221;without_pattern&#8221; z_index=&#8221;&#8221; css=&#8221;.vc_custom_1516271653597{background-color: #6f6f6f !important;}&#8221; el_class=&#8221;content-margin-top&#8221;][vc_column][vc_row_inner row_type=&#8221;row&#8221; type=&#8221;grid&#8221; text_align=&#8221;left&#8221; css_animation=&#8221;&#8221;][vc_column_inner width=&#8221;1\/2&#8243;][vc_column_text el_class=&#8221;margin-20 white&#8221;]<\/p>\n<h2>Search &amp; book a room<\/h2>\n<p>[\/vc_column_text][vc_column_text el_class=&#8221;margin-20 white&#8221;]Choose date and number of persons. Then enter your contact details. Credit card details required for reservations but you pay for your room at the hotel. Confirmation is sent to you by e-mail.[\/vc_column_text][vc_column_text el_class=&#8221;margin-20 white&#8221;]If you prefer personal service, you are welcome to call our booking office at tel: <strong>+46 8 541 330 35<\/strong>.[\/vc_column_text][\/vc_column_inner][vc_column_inner width=&#8221;1\/2&#8243;][vc_column_text]<script async src=\"https:\/\/secured.sirvoy.com\/widget\/sirvoy.js\" data-language=\"en\" data-wp-plugin-version=\"5.1\"><\/script>[\/vc_column_text][\/vc_column_inner][\/vc_row_inner][\/vc_column][\/vc_row]<\/p>\n<\/div>","protected":false},"excerpt":{"rendered":"<p>[vc_row css_animation=&#8221;&#8221; row_type=&#8221;row&#8221; use_row_as_full_screen_section=&#8221;no&#8221; type=&#8221;full_width&#8221; angled_section=&#8221;no&#8221; text_align=&#8221;left&#8221; background_image_as_pattern=&#8221;without_pattern&#8221; z_index=&#8221;&#8221; el_class=&#8221;usp&#8221;][vc_column][vc_row_inner row_type=&#8221;row&#8221; type=&#8221;grid&#8221; text_align=&#8221;center&#8221; css_animation=&#8221;&#8221;][vc_column_inner width=&#8221;1\/3&#8243;][vc_column_text]Always best price on our website[\/vc_column_text][\/vc_column_inner][vc_column_inner width=&#8221;1\/3&#8243;][vc_column_text]Free wi-fi[\/vc_column_text][\/vc_column_inner][vc_column_inner width=&#8221;1\/3&#8243;][vc_column_text]Breakfast always included[\/vc_column_text][\/vc_column_inner][\/vc_row_inner][\/vc_column][\/vc_row][vc_row css_animation=&#8221;&#8221; row_type=&#8221;row&#8221; use_row_as_full_screen_section=&#8221;no&#8221; type=&#8221;full_width&#8221; angled_section=&#8221;no&#8221; text_align=&#8221;left&#8221; background_image_as_pattern=&#8221;without_pattern&#8221; z_index=&#8221;&#8221; el_class=&#8221;start-boxes&#8221;][vc_column][vc_row_inner row_type=&#8221;row&#8221; type=&#8221;grid&#8221; text_align=&#8221;center&#8221; css_animation=&#8221;&#8221; el_class=&#8221;content-margin&#8221;][vc_column_inner offset=&#8221;vc_col-lg-6 vc_col-md-12 vc_col-xs-12&#8243;][\/vc_column_inner][vc_column_inner width=&#8221;1\/2&#8243; offset=&#8221;vc_col-lg-3 vc_col-md-6&#8230;<\/p>\n","protected":false},"author":2,"featured_media":0,"parent":0,"menu_order":-100,"comment_status":"closed","ping_status":"closed","template":"full_width.php","meta":{"inline_featured_image":false,"footnotes":""},"class_list":["post-583","page","type-page","status-publish","hentry"],"yoast_head":"<!-- This site is optimized with the Yoast SEO plugin v27.3 - https:\/\/yoast.com\/product\/yoast-seo-wordpress\/ -->\n<title>Kastellet Bed &amp; Breakfast - Vaxholm Fortress - Stockholm Archipelago<\/title>\n<meta name=\"description\" content=\"Vaxholm Fortress - Experience the archipelago of Stockholm and stay at Kastellet Bed &amp; Breakfast in a unique setting dating back to the 16th century. At Vaxholm Fortress you can book accommodation for holiday, weekend, romance and meetings. Always the best prices on our website and Cable ferry included from May to Sep.\" \/>\n<meta name=\"robots\" content=\"index, follow, max-snippet:-1, max-image-preview:large, max-video-preview:-1\" \/>\n<link rel=\"canonical\" href=\"https:\/\/kastelletvaxholm.se\/en\/\" \/>\n<meta property=\"og:locale\" content=\"en_US\" \/>\n<meta property=\"og:type\" content=\"article\" \/>\n<meta property=\"og:title\" content=\"Kastellet Bed &amp; Breakfast - Vaxholm Fortress - Stockholm Archipelago\" \/>\n<meta property=\"og:description\" content=\"Vaxholm Fortress - Experience the archipelago of Stockholm and stay at Kastellet Bed &amp; Breakfast in a unique setting dating back to the 16th century. At Vaxholm Fortress you can book accommodation for holiday, weekend, romance and meetings. Always the best prices on our website and Cable ferry included from May to Sep.\" \/>\n<meta property=\"og:url\" content=\"https:\/\/kastelletvaxholm.se\/en\/\" \/>\n<meta property=\"og:site_name\" content=\"Kastellet Bed &amp; Breakfast\" \/>\n<meta property=\"article:modified_time\" content=\"2022-02-09T14:53:02+00:00\" \/>\n<meta name=\"twitter:card\" content=\"summary_large_image\" \/>\n<meta name=\"twitter:label1\" content=\"Est. reading time\" \/>\n\t<meta name=\"twitter:data1\" content=\"2 minutes\" \/>\n<script type=\"application\/ld+json\" class=\"yoast-schema-graph\">{\"@context\":\"https:\\\/\\\/schema.org\",\"@graph\":[{\"@type\":\"WebPage\",\"@id\":\"https:\\\/\\\/kastelletvaxholm.se\\\/en\\\/\",\"url\":\"https:\\\/\\\/kastelletvaxholm.se\\\/en\\\/\",\"name\":\"Kastellet Bed & Breakfast - Vaxholm Fortress - Stockholm Archipelago\",\"isPartOf\":{\"@id\":\"https:\\\/\\\/kastelletvaxholm.se\\\/en\\\/#website\"},\"datePublished\":\"2018-01-22T12:50:58+00:00\",\"dateModified\":\"2022-02-09T14:53:02+00:00\",\"description\":\"Vaxholm Fortress - Experience the archipelago of Stockholm and stay at Kastellet Bed & Breakfast in a unique setting dating back to the 16th century. At Vaxholm Fortress you can book accommodation for holiday, weekend, romance and meetings. Always the best prices on our website and Cable ferry included from May to Sep.\",\"breadcrumb\":{\"@id\":\"https:\\\/\\\/kastelletvaxholm.se\\\/en\\\/#breadcrumb\"},\"inLanguage\":\"en-US\",\"potentialAction\":[{\"@type\":\"ReadAction\",\"target\":[\"https:\\\/\\\/kastelletvaxholm.se\\\/en\\\/\"]}]},{\"@type\":\"BreadcrumbList\",\"@id\":\"https:\\\/\\\/kastelletvaxholm.se\\\/en\\\/#breadcrumb\",\"itemListElement\":[{\"@type\":\"ListItem\",\"position\":1,\"name\":\"Hem\",\"item\":\"https:\\\/\\\/kastelletvaxholm.se\\\/en\\\/\"},{\"@type\":\"ListItem\",\"position\":2,\"name\":\"Home\"}]},{\"@type\":\"WebSite\",\"@id\":\"https:\\\/\\\/kastelletvaxholm.se\\\/en\\\/#website\",\"url\":\"https:\\\/\\\/kastelletvaxholm.se\\\/en\\\/\",\"name\":\"Kastellet Bed &amp; Breakfast\",\"description\":\"Upplev Stockholms sk\u00e4rg\u00e5rd och bo p\u00e5 Vaxholms Kastell i en unik milj\u00f6 med anor fr\u00e5n 1500-talet\",\"potentialAction\":[{\"@type\":\"SearchAction\",\"target\":{\"@type\":\"EntryPoint\",\"urlTemplate\":\"https:\\\/\\\/kastelletvaxholm.se\\\/en\\\/?s={search_term_string}\"},\"query-input\":{\"@type\":\"PropertyValueSpecification\",\"valueRequired\":true,\"valueName\":\"search_term_string\"}}],\"inLanguage\":\"en-US\"}]}<\/script>\n<!-- \/ Yoast SEO plugin. -->","yoast_head_json":{"title":"Kastellet Bed & Breakfast - Vaxholm Fortress - Stockholm Archipelago","description":"Vaxholm Fortress - Experience the archipelago of Stockholm and stay at Kastellet Bed & Breakfast in a unique setting dating back to the 16th century. At Vaxholm Fortress you can book accommodation for holiday, weekend, romance and meetings. Always the best prices on our website and Cable ferry included from May to Sep.","robots":{"index":"index","follow":"follow","max-snippet":"max-snippet:-1","max-image-preview":"max-image-preview:large","max-video-preview":"max-video-preview:-1"},"canonical":"https:\/\/kastelletvaxholm.se\/en\/","og_locale":"en_US","og_type":"article","og_title":"Kastellet Bed & Breakfast - Vaxholm Fortress - Stockholm Archipelago","og_description":"Vaxholm Fortress - Experience the archipelago of Stockholm and stay at Kastellet Bed & Breakfast in a unique setting dating back to the 16th century. At Vaxholm Fortress you can book accommodation for holiday, weekend, romance and meetings. Always the best prices on our website and Cable ferry included from May to Sep.","og_url":"https:\/\/kastelletvaxholm.se\/en\/","og_site_name":"Kastellet Bed &amp; Breakfast","article_modified_time":"2022-02-09T14:53:02+00:00","twitter_card":"summary_large_image","twitter_misc":{"Est. reading time":"2 minutes"},"schema":{"@context":"https:\/\/schema.org","@graph":[{"@type":"WebPage","@id":"https:\/\/kastelletvaxholm.se\/en\/","url":"https:\/\/kastelletvaxholm.se\/en\/","name":"Kastellet Bed & Breakfast - Vaxholm Fortress - Stockholm Archipelago","isPartOf":{"@id":"https:\/\/kastelletvaxholm.se\/en\/#website"},"datePublished":"2018-01-22T12:50:58+00:00","dateModified":"2022-02-09T14:53:02+00:00","description":"Vaxholm Fortress - Experience the archipelago of Stockholm and stay at Kastellet Bed & Breakfast in a unique setting dating back to the 16th century. At Vaxholm Fortress you can book accommodation for holiday, weekend, romance and meetings. Always the best prices on our website and Cable ferry included from May to Sep.","breadcrumb":{"@id":"https:\/\/kastelletvaxholm.se\/en\/#breadcrumb"},"inLanguage":"en-US","potentialAction":[{"@type":"ReadAction","target":["https:\/\/kastelletvaxholm.se\/en\/"]}]},{"@type":"BreadcrumbList","@id":"https:\/\/kastelletvaxholm.se\/en\/#breadcrumb","itemListElement":[{"@type":"ListItem","position":1,"name":"Hem","item":"https:\/\/kastelletvaxholm.se\/en\/"},{"@type":"ListItem","position":2,"name":"Home"}]},{"@type":"WebSite","@id":"https:\/\/kastelletvaxholm.se\/en\/#website","url":"https:\/\/kastelletvaxholm.se\/en\/","name":"Kastellet Bed &amp; Breakfast","description":"Upplev Stockholms sk\u00e4rg\u00e5rd och bo p\u00e5 Vaxholms Kastell i en unik milj\u00f6 med anor fr\u00e5n 1500-talet","potentialAction":[{"@type":"SearchAction","target":{"@type":"EntryPoint","urlTemplate":"https:\/\/kastelletvaxholm.se\/en\/?s={search_term_string}"},"query-input":{"@type":"PropertyValueSpecification","valueRequired":true,"valueName":"search_term_string"}}],"inLanguage":"en-US"}]}},"_links":{"self":[{"href":"https:\/\/kastelletvaxholm.se\/en\/wp-json\/wp\/v2\/pages\/583","targetHints":{"allow":["GET"]}}],"collection":[{"href":"https:\/\/kastelletvaxholm.se\/en\/wp-json\/wp\/v2\/pages"}],"about":[{"href":"https:\/\/kastelletvaxholm.se\/en\/wp-json\/wp\/v2\/types\/page"}],"author":[{"embeddable":true,"href":"https:\/\/kastelletvaxholm.se\/en\/wp-json\/wp\/v2\/users\/2"}],"replies":[{"embeddable":true,"href":"https:\/\/kastelletvaxholm.se\/en\/wp-json\/wp\/v2\/comments?post=583"}],"version-history":[{"count":0,"href":"https:\/\/kastelletvaxholm.se\/en\/wp-json\/wp\/v2\/pages\/583\/revisions"}],"wp:attachment":[{"href":"https:\/\/kastelletvaxholm.se\/en\/wp-json\/wp\/v2\/media?parent=583"}],"curies":[{"name":"wp","href":"https:\/\/api.w.org\/{rel}","templated":true}]}}