{"id":597,"date":"2018-01-22T14:42:20","date_gmt":"2018-01-22T13:42:20","guid":{"rendered":"http:\/\/kastelletvaxholm.se\/?page_id=597"},"modified":"2023-01-29T22:38:12","modified_gmt":"2023-01-29T21:38:12","slug":"staying-kastellet-bb","status":"publish","type":"page","link":"https:\/\/kastelletvaxholm.se\/en\/hotel-booking\/staying-kastellet-bb\/","title":{"rendered":"Staying at Kastellet B&#038;B"},"content":{"rendered":"<div class=\"wpb-content-wrapper\"><p>[vc_row css_animation=&#8221;&#8221; row_type=&#8221;row&#8221; use_row_as_full_screen_section=&#8221;no&#8221; type=&#8221;grid&#8221; angled_section=&#8221;no&#8221; text_align=&#8221;left&#8221; background_image_as_pattern=&#8221;without_pattern&#8221; el_class=&#8221;content-margin&#8221; z_index=&#8221;&#8221;][vc_column][vc_row_inner row_type=&#8221;row&#8221; type=&#8221;full_width&#8221; text_align=&#8221;left&#8221; css_animation=&#8221;&#8221;][vc_column_inner width=&#8221;1\/4&#8243;][vc_widget_sidebar sidebar_id=&#8221;sidebar_page&#8221;][\/vc_column_inner][vc_column_inner width=&#8221;3\/4&#8243;][vc_column_text el_class=&#8221;ingress&#8221;]Welcome to share a uniue experiance, at Kastellet Bed &amp; Breakfast we offer an accomodation in a unique enviroment.[\/vc_column_text][vc_column_text]<\/p>\n<h2>Room facts<\/h2>\n<p>[\/vc_column_text][vc_column_text]All our 27 rooms are tastefully decorated. You find shower and WC in the corridore adjacent to the rooms. The beds are separate and can be pushed together if desired. Sheets and towels included and the rooms are dressed just like a hotel.[\/vc_column_text][vc_column_text]<\/p>\n<h2>In and out-Check<\/h2>\n<p>[\/vc_column_text][vc_column_text]You disposes the room from 15:00 the day of arrival to 11:00 the day of departure.[\/vc_column_text][vc_column_text]<\/p>\n<h2>Internet<\/h2>\n<p>[\/vc_column_text][vc_column_text]We have wireless internet available in the reception and in the rooms with limitided speed. Code available at reception.[\/vc_column_text][vc_column_text]<\/p>\n<h2>Breakfast<\/h2>\n<p>[\/vc_column_text][vc_column_text]Breakfast is served in the breakfast room normally between 08:00-10:00, if you are a part of a larger group and need breakfast other times we adjust the time, alternativeely arrange breakfast boxes.[\/vc_column_text][vc_column_text]<\/p>\n<h2>Food &amp; drink<\/h2>\n<p>[\/vc_column_text][vc_column_text]At Kastellet Bed &amp; Breakfast we only serve breakfast, there are several restaurants inside Vaxholm.<\/p>\n<p>If you ar a larger group you can book any of the restaurants at the Citadel, Minbaren or Pansarbatteriet. For menu and booknings please contact Str\u00f6mma Turism &amp; Sj\u00f6fart.[\/vc_column_text][vc_column_text]<\/p>\n<h2>Arrive by private boat<\/h2>\n<p>[\/vc_column_text][vc_column_text]If you are arriving by private boat you find a small marina at the Citadel, these can not be pre-booked but are free for guests staying at us.[\/vc_column_text][\/vc_column_inner][\/vc_row_inner][\/vc_column][\/vc_row]<\/p>\n<\/div>","protected":false},"excerpt":{"rendered":"<p>[vc_row css_animation=&#8221;&#8221; row_type=&#8221;row&#8221; use_row_as_full_screen_section=&#8221;no&#8221; type=&#8221;grid&#8221; angled_section=&#8221;no&#8221; text_align=&#8221;left&#8221; background_image_as_pattern=&#8221;without_pattern&#8221; el_class=&#8221;content-margin&#8221; z_index=&#8221;&#8221;][vc_column][vc_row_inner row_type=&#8221;row&#8221; type=&#8221;full_width&#8221; text_align=&#8221;left&#8221; css_animation=&#8221;&#8221;][vc_column_inner width=&#8221;1\/4&#8243;][vc_widget_sidebar sidebar_id=&#8221;sidebar_page&#8221;][\/vc_column_inner][vc_column_inner width=&#8221;3\/4&#8243;][vc_column_text el_class=&#8221;ingress&#8221;]Welcome to share a uniue experiance, at Kastellet Bed &amp; Breakfast we offer an accomodation in a unique enviroment.[\/vc_column_text][vc_column_text] Room facts [\/vc_column_text][vc_column_text]All our 27 rooms are tastefully decorated&#8230;.<\/p>\n","protected":false},"author":2,"featured_media":0,"parent":590,"menu_order":0,"comment_status":"closed","ping_status":"closed","template":"full_width.php","meta":{"inline_featured_image":false,"footnotes":""},"class_list":["post-597","page","type-page","status-publish","hentry"],"yoast_head":"<!-- This site is optimized with the Yoast SEO plugin v27.3 - https:\/\/yoast.com\/product\/yoast-seo-wordpress\/ -->\n<title>Staying at Kastellet B&amp;B - Kastellet Bed &amp; Breakfast<\/title>\n<meta name=\"robots\" content=\"index, follow, max-snippet:-1, max-image-preview:large, max-video-preview:-1\" \/>\n<link rel=\"canonical\" href=\"https:\/\/kastelletvaxholm.se\/en\/hotel-booking\/staying-kastellet-bb\/\" \/>\n<meta property=\"og:locale\" content=\"en_US\" \/>\n<meta property=\"og:type\" content=\"article\" \/>\n<meta property=\"og:title\" content=\"Staying at Kastellet B&amp;B - Kastellet Bed &amp; Breakfast\" \/>\n<meta property=\"og:description\" content=\"[vc_row css_animation=&#8221;&#8221; row_type=&#8221;row&#8221; use_row_as_full_screen_section=&#8221;no&#8221; type=&#8221;grid&#8221; angled_section=&#8221;no&#8221; text_align=&#8221;left&#8221; background_image_as_pattern=&#8221;without_pattern&#8221; el_class=&#8221;content-margin&#8221; z_index=&#8221;&#8221;][vc_column][vc_row_inner row_type=&#8221;row&#8221; type=&#8221;full_width&#8221; text_align=&#8221;left&#8221; css_animation=&#8221;&#8221;][vc_column_inner width=&#8221;1\/4&#8243;][vc_widget_sidebar sidebar_id=&#8221;sidebar_page&#8221;][\/vc_column_inner][vc_column_inner width=&#8221;3\/4&#8243;][vc_column_text el_class=&#8221;ingress&#8221;]Welcome to share a uniue experiance, at Kastellet Bed &amp; Breakfast we offer an accomodation in a unique enviroment.[\/vc_column_text][vc_column_text] Room facts [\/vc_column_text][vc_column_text]All our 27 rooms are tastefully decorated....\" \/>\n<meta property=\"og:url\" content=\"https:\/\/kastelletvaxholm.se\/en\/hotel-booking\/staying-kastellet-bb\/\" \/>\n<meta property=\"og:site_name\" content=\"Kastellet Bed &amp; Breakfast\" \/>\n<meta property=\"article:modified_time\" content=\"2023-01-29T21:38:12+00:00\" \/>\n<meta name=\"twitter:card\" content=\"summary_large_image\" \/>\n<meta name=\"twitter:label1\" content=\"Est. reading time\" \/>\n\t<meta name=\"twitter:data1\" content=\"2 minutes\" \/>\n<script type=\"application\/ld+json\" class=\"yoast-schema-graph\">{\"@context\":\"https:\\\/\\\/schema.org\",\"@graph\":[{\"@type\":\"WebPage\",\"@id\":\"https:\\\/\\\/kastelletvaxholm.se\\\/en\\\/hotel-booking\\\/staying-kastellet-bb\\\/\",\"url\":\"https:\\\/\\\/kastelletvaxholm.se\\\/en\\\/hotel-booking\\\/staying-kastellet-bb\\\/\",\"name\":\"Staying at Kastellet B&B - Kastellet Bed &amp; Breakfast\",\"isPartOf\":{\"@id\":\"https:\\\/\\\/kastelletvaxholm.se\\\/en\\\/#website\"},\"datePublished\":\"2018-01-22T13:42:20+00:00\",\"dateModified\":\"2023-01-29T21:38:12+00:00\",\"breadcrumb\":{\"@id\":\"https:\\\/\\\/kastelletvaxholm.se\\\/en\\\/hotel-booking\\\/staying-kastellet-bb\\\/#breadcrumb\"},\"inLanguage\":\"en-US\",\"potentialAction\":[{\"@type\":\"ReadAction\",\"target\":[\"https:\\\/\\\/kastelletvaxholm.se\\\/en\\\/hotel-booking\\\/staying-kastellet-bb\\\/\"]}]},{\"@type\":\"BreadcrumbList\",\"@id\":\"https:\\\/\\\/kastelletvaxholm.se\\\/en\\\/hotel-booking\\\/staying-kastellet-bb\\\/#breadcrumb\",\"itemListElement\":[{\"@type\":\"ListItem\",\"position\":1,\"name\":\"Hem\",\"item\":\"https:\\\/\\\/kastelletvaxholm.se\\\/en\\\/\"},{\"@type\":\"ListItem\",\"position\":2,\"name\":\"Hotel &#038; booking\",\"item\":\"https:\\\/\\\/kastelletvaxholm.se\\\/en\\\/hotel-booking\\\/\"},{\"@type\":\"ListItem\",\"position\":3,\"name\":\"Staying at Kastellet B&#038;B\"}]},{\"@type\":\"WebSite\",\"@id\":\"https:\\\/\\\/kastelletvaxholm.se\\\/en\\\/#website\",\"url\":\"https:\\\/\\\/kastelletvaxholm.se\\\/en\\\/\",\"name\":\"Kastellet Bed &amp; Breakfast\",\"description\":\"Upplev Stockholms sk\u00e4rg\u00e5rd och bo p\u00e5 Vaxholms Kastell i en unik milj\u00f6 med anor fr\u00e5n 1500-talet\",\"potentialAction\":[{\"@type\":\"SearchAction\",\"target\":{\"@type\":\"EntryPoint\",\"urlTemplate\":\"https:\\\/\\\/kastelletvaxholm.se\\\/en\\\/?s={search_term_string}\"},\"query-input\":{\"@type\":\"PropertyValueSpecification\",\"valueRequired\":true,\"valueName\":\"search_term_string\"}}],\"inLanguage\":\"en-US\"}]}<\/script>\n<!-- \/ Yoast SEO plugin. -->","yoast_head_json":{"title":"Staying at Kastellet B&B - Kastellet Bed &amp; Breakfast","robots":{"index":"index","follow":"follow","max-snippet":"max-snippet:-1","max-image-preview":"max-image-preview:large","max-video-preview":"max-video-preview:-1"},"canonical":"https:\/\/kastelletvaxholm.se\/en\/hotel-booking\/staying-kastellet-bb\/","og_locale":"en_US","og_type":"article","og_title":"Staying at Kastellet B&B - Kastellet Bed &amp; Breakfast","og_description":"[vc_row css_animation=&#8221;&#8221; row_type=&#8221;row&#8221; use_row_as_full_screen_section=&#8221;no&#8221; type=&#8221;grid&#8221; angled_section=&#8221;no&#8221; text_align=&#8221;left&#8221; background_image_as_pattern=&#8221;without_pattern&#8221; el_class=&#8221;content-margin&#8221; z_index=&#8221;&#8221;][vc_column][vc_row_inner row_type=&#8221;row&#8221; type=&#8221;full_width&#8221; text_align=&#8221;left&#8221; css_animation=&#8221;&#8221;][vc_column_inner width=&#8221;1\/4&#8243;][vc_widget_sidebar sidebar_id=&#8221;sidebar_page&#8221;][\/vc_column_inner][vc_column_inner width=&#8221;3\/4&#8243;][vc_column_text el_class=&#8221;ingress&#8221;]Welcome to share a uniue experiance, at Kastellet Bed &amp; Breakfast we offer an accomodation in a unique enviroment.[\/vc_column_text][vc_column_text] Room facts [\/vc_column_text][vc_column_text]All our 27 rooms are tastefully decorated....","og_url":"https:\/\/kastelletvaxholm.se\/en\/hotel-booking\/staying-kastellet-bb\/","og_site_name":"Kastellet Bed &amp; Breakfast","article_modified_time":"2023-01-29T21:38:12+00:00","twitter_card":"summary_large_image","twitter_misc":{"Est. reading time":"2 minutes"},"schema":{"@context":"https:\/\/schema.org","@graph":[{"@type":"WebPage","@id":"https:\/\/kastelletvaxholm.se\/en\/hotel-booking\/staying-kastellet-bb\/","url":"https:\/\/kastelletvaxholm.se\/en\/hotel-booking\/staying-kastellet-bb\/","name":"Staying at Kastellet B&B - Kastellet Bed &amp; Breakfast","isPartOf":{"@id":"https:\/\/kastelletvaxholm.se\/en\/#website"},"datePublished":"2018-01-22T13:42:20+00:00","dateModified":"2023-01-29T21:38:12+00:00","breadcrumb":{"@id":"https:\/\/kastelletvaxholm.se\/en\/hotel-booking\/staying-kastellet-bb\/#breadcrumb"},"inLanguage":"en-US","potentialAction":[{"@type":"ReadAction","target":["https:\/\/kastelletvaxholm.se\/en\/hotel-booking\/staying-kastellet-bb\/"]}]},{"@type":"BreadcrumbList","@id":"https:\/\/kastelletvaxholm.se\/en\/hotel-booking\/staying-kastellet-bb\/#breadcrumb","itemListElement":[{"@type":"ListItem","position":1,"name":"Hem","item":"https:\/\/kastelletvaxholm.se\/en\/"},{"@type":"ListItem","position":2,"name":"Hotel &#038; booking","item":"https:\/\/kastelletvaxholm.se\/en\/hotel-booking\/"},{"@type":"ListItem","position":3,"name":"Staying at Kastellet B&#038;B"}]},{"@type":"WebSite","@id":"https:\/\/kastelletvaxholm.se\/en\/#website","url":"https:\/\/kastelletvaxholm.se\/en\/","name":"Kastellet Bed &amp; Breakfast","description":"Upplev Stockholms sk\u00e4rg\u00e5rd och bo p\u00e5 Vaxholms Kastell i en unik milj\u00f6 med anor fr\u00e5n 1500-talet","potentialAction":[{"@type":"SearchAction","target":{"@type":"EntryPoint","urlTemplate":"https:\/\/kastelletvaxholm.se\/en\/?s={search_term_string}"},"query-input":{"@type":"PropertyValueSpecification","valueRequired":true,"valueName":"search_term_string"}}],"inLanguage":"en-US"}]}},"_links":{"self":[{"href":"https:\/\/kastelletvaxholm.se\/en\/wp-json\/wp\/v2\/pages\/597","targetHints":{"allow":["GET"]}}],"collection":[{"href":"https:\/\/kastelletvaxholm.se\/en\/wp-json\/wp\/v2\/pages"}],"about":[{"href":"https:\/\/kastelletvaxholm.se\/en\/wp-json\/wp\/v2\/types\/page"}],"author":[{"embeddable":true,"href":"https:\/\/kastelletvaxholm.se\/en\/wp-json\/wp\/v2\/users\/2"}],"replies":[{"embeddable":true,"href":"https:\/\/kastelletvaxholm.se\/en\/wp-json\/wp\/v2\/comments?post=597"}],"version-history":[{"count":0,"href":"https:\/\/kastelletvaxholm.se\/en\/wp-json\/wp\/v2\/pages\/597\/revisions"}],"up":[{"embeddable":true,"href":"https:\/\/kastelletvaxholm.se\/en\/wp-json\/wp\/v2\/pages\/590"}],"wp:attachment":[{"href":"https:\/\/kastelletvaxholm.se\/en\/wp-json\/wp\/v2\/media?parent=597"}],"curies":[{"name":"wp","href":"https:\/\/api.w.org\/{rel}","templated":true}]}}