{"id":603,"date":"2018-01-22T14:53:33","date_gmt":"2018-01-22T13:53:33","guid":{"rendered":"http:\/\/kastelletvaxholm.se\/?page_id=603"},"modified":"2019-06-11T13:36:14","modified_gmt":"2019-06-11T11:36:14","slug":"our-rooms","status":"publish","type":"page","link":"https:\/\/kastelletvaxholm.se\/en\/hotel-booking\/our-rooms\/","title":{"rendered":"Our rooms"},"content":{"rendered":"<div class=\"wpb-content-wrapper\"><p>[vc_row css_animation=&#8221;&#8221; row_type=&#8221;row&#8221; use_row_as_full_screen_section=&#8221;no&#8221; type=&#8221;grid&#8221; angled_section=&#8221;no&#8221; text_align=&#8221;left&#8221; background_image_as_pattern=&#8221;without_pattern&#8221; el_class=&#8221;content-margin&#8221; z_index=&#8221;&#8221;][vc_column width=&#8221;1\/4&#8243;][vc_widget_sidebar sidebar_id=&#8221;sidebar_page&#8221;][\/vc_column][vc_column width=&#8221;3\/4&#8243;][vc_row_inner row_type=&#8221;row&#8221; type=&#8221;full_width&#8221; text_align=&#8221;left&#8221; css_animation=&#8221;&#8221;][vc_column_inner][vc_column_text el_class=&#8221;ingress&#8221;]An overview of all the rooms at Kastellet.[\/vc_column_text][\/vc_column_inner][\/vc_row_inner][vc_row_inner row_type=&#8221;row&#8221; type=&#8221;full_width&#8221; text_align=&#8221;center&#8221; css_animation=&#8221;&#8221;][vc_column_inner el_class=&#8221;margin-30&#8243; width=&#8221;1\/3&#8243;][vc_single_image image=&#8221;1287&#8243; img_size=&#8221;square&#8221; onclick=&#8221;custom_link&#8221; qode_css_animation=&#8221;&#8221; qode_hover_animation=&#8221;darken&#8221; el_class=&#8221;margin-20&#8243; link=&#8221;https:\/\/kastelletvaxholm.se\/en\/hotel-booking\/our-rooms\/single-room\/&#8221;][vc_column_text]<\/p>\n<h3>Single room<\/h3>\n<p>[\/vc_column_text][vc_column_text]All our rooms can be used as single rooms, we reduce the price of our double if used for a person.[\/vc_column_text]<a  itemprop=\"url\" href=\"https:\/\/kastelletvaxholm.se\/en\/hotel-booking\/our-rooms\/single-room\/\" target=\"_self\"  class=\"qbutton  default\" style=\"\">Read more<i class=\"qode_icon_font_awesome fa fa-angle-right qode_button_icon_element\" style=\"\" ><\/i><\/a>[\/vc_column_inner][vc_column_inner el_class=&#8221;margin-30&#8243; width=&#8221;1\/3&#8243;][vc_single_image image=&#8221;1407&#8243; img_size=&#8221;square&#8221; onclick=&#8221;custom_link&#8221; qode_css_animation=&#8221;&#8221; qode_hover_animation=&#8221;darken&#8221; el_class=&#8221;margin-20&#8243; link=&#8221;https:\/\/kastelletvaxholm.se\/en\/hotel-booking\/our-rooms\/double-room\/&#8221;][vc_column_text]<\/p>\n<h3>Double room<\/h3>\n<p>[\/vc_column_text][vc_column_text]Our double rooms overlook the courtyard and have two separate beds that can easily be pushed together if one wishes , the room is approximately 15 sqm.[\/vc_column_text]<a  itemprop=\"url\" href=\"https:\/\/kastelletvaxholm.se\/en\/hotel-booking\/our-rooms\/double-room\/\" target=\"_self\"  class=\"qbutton  default\" style=\"\">Read more<i class=\"qode_icon_font_awesome fa fa-angle-right qode_button_icon_element\" style=\"\" ><\/i><\/a>[\/vc_column_inner][vc_column_inner el_class=&#8221;margin-30&#8243; width=&#8221;1\/3&#8243;][vc_single_image image=&#8221;1291&#8243; img_size=&#8221;square&#8221; onclick=&#8221;custom_link&#8221; qode_css_animation=&#8221;&#8221; qode_hover_animation=&#8221;darken&#8221; el_class=&#8221;margin-20&#8243; link=&#8221;https:\/\/kastelletvaxholm.se\/en\/hotel-booking\/our-rooms\/double-room-sea-view\/&#8221;][vc_column_text]<\/p>\n<h3>Double room seaview<\/h3>\n<p>[\/vc_column_text][vc_column_text]Our double room with sea view has views to the north of Vaxholm Bay and has two twin beds that can easily be pushed together if one wishes , the room is approximately 20 sqm.[\/vc_column_text]<a  itemprop=\"url\" href=\"https:\/\/kastelletvaxholm.se\/en\/hotel-booking\/our-rooms\/double-room-sea-view\/\" target=\"_self\"  class=\"qbutton  default\" style=\"\">Read more<i class=\"qode_icon_font_awesome fa fa-angle-right qode_button_icon_element\" style=\"\" ><\/i><\/a>[\/vc_column_inner][\/vc_row_inner][vc_row_inner row_type=&#8221;row&#8221; type=&#8221;full_width&#8221; text_align=&#8221;center&#8221; css_animation=&#8221;&#8221;][vc_column_inner el_class=&#8221;margin-30&#8243; width=&#8221;1\/3&#8243;][vc_single_image image=&#8221;1389&#8243; img_size=&#8221;square&#8221; onclick=&#8221;custom_link&#8221; qode_css_animation=&#8221;&#8221; qode_hover_animation=&#8221;darken&#8221; link=&#8221;https:\/\/kastelletvaxholm.se\/en\/hotel-booking\/our-rooms\/triple-room-economy\/&#8221; el_class=&#8221;margin-20&#8243;][vc_column_text]<\/p>\n<h3>Tripple room economy<\/h3>\n<p>[\/vc_column_text][vc_column_text]Our triple Economy has limited views towards the wall and has three separate beds that can easily be pushed together if one wishes , the room is approximately 20 sqm.[\/vc_column_text]<a  itemprop=\"url\" href=\"https:\/\/kastelletvaxholm.se\/en\/hotel-booking\/our-rooms\/triple-room-economy\/\" target=\"_self\"  class=\"qbutton  default\" style=\"\">Read more<i class=\"qode_icon_font_awesome fa fa-angle-right qode_button_icon_element\" style=\"\" ><\/i><\/a>[\/vc_column_inner][vc_column_inner el_class=&#8221;margin-30&#8243; width=&#8221;1\/3&#8243;][vc_single_image image=&#8221;1365&#8243; img_size=&#8221;square&#8221; onclick=&#8221;custom_link&#8221; qode_css_animation=&#8221;&#8221; qode_hover_animation=&#8221;darken&#8221; link=&#8221;https:\/\/kastelletvaxholm.se\/en\/hotel-booking\/our-rooms\/triple-room-sea-view\/&#8221; el_class=&#8221;margin-20&#8243;][vc_column_text]<\/p>\n<h3>Tripple room seaview<\/h3>\n<p>[\/vc_column_text][vc_column_text]Our triple room with sea view has views to the north of Vaxholm Bay and has three separate beds that can easily be pushed together if one wishes , the room is approximately 20 sqm.[\/vc_column_text]<a  itemprop=\"url\" href=\"https:\/\/kastelletvaxholm.se\/en\/hotel-booking\/our-rooms\/triple-room-sea-view\/\" target=\"_self\"  class=\"qbutton  default\" style=\"\">Read more<i class=\"qode_icon_font_awesome fa fa-angle-right qode_button_icon_element\" style=\"\" ><\/i><\/a>[\/vc_column_inner][vc_column_inner el_class=&#8221;margin-30&#8243; width=&#8221;1\/3&#8243;][vc_single_image image=&#8221;1321&#8243; img_size=&#8221;square&#8221; onclick=&#8221;custom_link&#8221; qode_css_animation=&#8221;&#8221; qode_hover_animation=&#8221;darken&#8221; link=&#8221;https:\/\/kastelletvaxholm.se\/en\/hotel-booking\/our-rooms\/family-room-economy\/&#8221; el_class=&#8221;margin-20&#8243;][vc_column_text]<\/p>\n<h3>Family room economy<\/h3>\n<p>[\/vc_column_text][vc_column_text]Our Family room Economy has limited views towards the wall and has four separate beds that can easily be pushed together if one wishes , the room is approximately 20 sqm.[\/vc_column_text]<a  itemprop=\"url\" href=\"https:\/\/kastelletvaxholm.se\/en\/hotel-booking\/our-rooms\/family-room-economy\/\" target=\"_self\"  class=\"qbutton  default\" style=\"\">Read more<i class=\"qode_icon_font_awesome fa fa-angle-right qode_button_icon_element\" style=\"\" ><\/i><\/a>[\/vc_column_inner][\/vc_row_inner][vc_row_inner row_type=&#8221;row&#8221; type=&#8221;full_width&#8221; text_align=&#8221;center&#8221; css_animation=&#8221;&#8221;][vc_column_inner el_class=&#8221;margin-30&#8243; width=&#8221;1\/3&#8243;][vc_single_image image=&#8221;1433&#8243; img_size=&#8221;square&#8221; onclick=&#8221;custom_link&#8221; qode_css_animation=&#8221;&#8221; qode_hover_animation=&#8221;darken&#8221; link=&#8221;https:\/\/kastelletvaxholm.se\/en\/hotel-booking\/our-rooms\/family-room-sea-view\/&#8221; el_class=&#8221;margin-20&#8243;][vc_column_text]<\/p>\n<h3>Family room sea view<\/h3>\n<p>[\/vc_column_text][vc_column_text]<\/p>\n<div class=\"description\">\n<p>Our Family room with sea view overlooks the northern Vaxholm Bay and has four separate beds that can easily be pushed together if one wishes , the room is approximately 20 sqm.<\/p><\/div>\n<p>[\/vc_column_text]<a  itemprop=\"url\" href=\"https:\/\/kastelletvaxholm.se\/en\/hotel-booking\/our-rooms\/family-room-sea-view\/\" target=\"_self\"  class=\"qbutton  default\" style=\"\">Read more<i class=\"qode_icon_font_awesome fa fa-angle-right qode_button_icon_element\" style=\"\" ><\/i><\/a>[\/vc_column_inner][vc_column_inner el_class=&#8221;margin-30&#8243; width=&#8221;1\/3&#8243;][vc_single_image image=&#8221;1421&#8243; img_size=&#8221;square&#8221; onclick=&#8221;custom_link&#8221; qode_css_animation=&#8221;&#8221; qode_hover_animation=&#8221;darken&#8221; link=&#8221;https:\/\/kastelletvaxholm.se\/en\/hotel-booking\/our-rooms\/private-section\/&#8221; el_class=&#8221;margin-20&#8243;][vc_column_text]<\/p>\n<h3>Private section<\/h3>\n<p>[\/vc_column_text][vc_column_text]Package deal with three triples, a double bedroom and a lounge with sofa, armchairs, TV , wine cooler.[\/vc_column_text]<a  itemprop=\"url\" href=\"https:\/\/kastelletvaxholm.se\/en\/hotel-booking\/our-rooms\/private-section\/\" target=\"_self\"  class=\"qbutton  default\" style=\"\">Read more<i class=\"qode_icon_font_awesome fa fa-angle-right qode_button_icon_element\" style=\"\" ><\/i><\/a>[\/vc_column_inner][vc_column_inner el_class=&#8221;margin-30&#8243; width=&#8221;1\/3&#8243;][vc_single_image image=&#8221;434&#8243; img_size=&#8221;square&#8221; onclick=&#8221;custom_link&#8221; qode_css_animation=&#8221;&#8221; qode_hover_animation=&#8221;darken&#8221; link=&#8221;https:\/\/kastelletvaxholm.se\/boende-bokning\/vara-rum\/gemensamma-faciliteter\/https:\/\/kastelletvaxholm.se\/en\/hotel-booking\/our-rooms\/common-facilities\/&#8221; el_class=&#8221;margin-20&#8243;][vc_column_text]<\/p>\n<h3>Common facilities<\/h3>\n<p>[\/vc_column_text][vc_column_text]<\/p>\n<div class=\"description\">\n<div>\n<p>All rooms at the Citadel has a shower and toilet in the corridor adjacent to the rooms. In the main building there are on each floor three separate dushcar \/ wc and a separate wc. The package 1 is a dush \/ wc and a separate wc.<\/p><\/div>\n<\/div>\n<p>[\/vc_column_text]<a  itemprop=\"url\" href=\"https:\/\/kastelletvaxholm.se\/en\/hotel-booking\/our-rooms\/common-facilities\/\" target=\"_self\"  class=\"qbutton  default\" style=\"\">Read more<i class=\"qode_icon_font_awesome fa fa-angle-right qode_button_icon_element\" style=\"\" ><\/i><\/a>[\/vc_column_inner][\/vc_row_inner][\/vc_column][\/vc_row]<\/p>\n<\/div>","protected":false},"excerpt":{"rendered":"<p>[vc_row css_animation=&#8221;&#8221; row_type=&#8221;row&#8221; use_row_as_full_screen_section=&#8221;no&#8221; type=&#8221;grid&#8221; angled_section=&#8221;no&#8221; text_align=&#8221;left&#8221; background_image_as_pattern=&#8221;without_pattern&#8221; el_class=&#8221;content-margin&#8221; z_index=&#8221;&#8221;][vc_column width=&#8221;1\/4&#8243;][vc_widget_sidebar sidebar_id=&#8221;sidebar_page&#8221;][\/vc_column][vc_column width=&#8221;3\/4&#8243;][vc_row_inner row_type=&#8221;row&#8221; type=&#8221;full_width&#8221; text_align=&#8221;left&#8221; css_animation=&#8221;&#8221;][vc_column_inner][vc_column_text el_class=&#8221;ingress&#8221;]An overview of all the rooms at Kastellet.[\/vc_column_text][\/vc_column_inner][\/vc_row_inner][vc_row_inner row_type=&#8221;row&#8221; type=&#8221;full_width&#8221; text_align=&#8221;center&#8221; css_animation=&#8221;&#8221;][vc_column_inner el_class=&#8221;margin-30&#8243; width=&#8221;1\/3&#8243;][vc_single_image image=&#8221;1287&#8243; img_size=&#8221;square&#8221; onclick=&#8221;custom_link&#8221; qode_css_animation=&#8221;&#8221; qode_hover_animation=&#8221;darken&#8221; el_class=&#8221;margin-20&#8243; link=&#8221;https:\/\/kastelletvaxholm.se\/en\/hotel-booking\/our-rooms\/single-room\/&#8221;][vc_column_text] Single room [\/vc_column_text][vc_column_text]All our rooms can be&#8230;<\/p>\n","protected":false},"author":2,"featured_media":0,"parent":590,"menu_order":0,"comment_status":"closed","ping_status":"closed","template":"full_width.php","meta":{"inline_featured_image":false,"footnotes":""},"class_list":["post-603","page","type-page","status-publish","hentry"],"yoast_head":"<!-- This site is optimized with the Yoast SEO plugin v27.4 - https:\/\/yoast.com\/product\/yoast-seo-wordpress\/ -->\n<title>Our rooms - Kastellet Bed &amp; Breakfast<\/title>\n<meta name=\"robots\" content=\"index, follow, max-snippet:-1, max-image-preview:large, max-video-preview:-1\" \/>\n<link rel=\"canonical\" href=\"https:\/\/kastelletvaxholm.se\/en\/hotel-booking\/our-rooms\/\" \/>\n<meta property=\"og:locale\" content=\"en_US\" \/>\n<meta property=\"og:type\" content=\"article\" \/>\n<meta property=\"og:title\" content=\"Our rooms - Kastellet Bed &amp; Breakfast\" \/>\n<meta property=\"og:description\" content=\"[vc_row css_animation=&#8221;&#8221; row_type=&#8221;row&#8221; use_row_as_full_screen_section=&#8221;no&#8221; type=&#8221;grid&#8221; angled_section=&#8221;no&#8221; text_align=&#8221;left&#8221; background_image_as_pattern=&#8221;without_pattern&#8221; el_class=&#8221;content-margin&#8221; z_index=&#8221;&#8221;][vc_column width=&#8221;1\/4&#8243;][vc_widget_sidebar sidebar_id=&#8221;sidebar_page&#8221;][\/vc_column][vc_column width=&#8221;3\/4&#8243;][vc_row_inner row_type=&#8221;row&#8221; type=&#8221;full_width&#8221; text_align=&#8221;left&#8221; css_animation=&#8221;&#8221;][vc_column_inner][vc_column_text el_class=&#8221;ingress&#8221;]An overview of all the rooms at Kastellet.[\/vc_column_text][\/vc_column_inner][\/vc_row_inner][vc_row_inner row_type=&#8221;row&#8221; type=&#8221;full_width&#8221; text_align=&#8221;center&#8221; css_animation=&#8221;&#8221;][vc_column_inner el_class=&#8221;margin-30&#8243; width=&#8221;1\/3&#8243;][vc_single_image image=&#8221;1287&#8243; img_size=&#8221;square&#8221; onclick=&#8221;custom_link&#8221; qode_css_animation=&#8221;&#8221; qode_hover_animation=&#8221;darken&#8221; el_class=&#8221;margin-20&#8243; link=&#8221;https:\/\/kastelletvaxholm.se\/en\/hotel-booking\/our-rooms\/single-room\/&#8221;][vc_column_text] Single room [\/vc_column_text][vc_column_text]All our rooms can be...\" \/>\n<meta property=\"og:url\" content=\"https:\/\/kastelletvaxholm.se\/en\/hotel-booking\/our-rooms\/\" \/>\n<meta property=\"og:site_name\" content=\"Kastellet Bed &amp; Breakfast\" \/>\n<meta property=\"article:modified_time\" content=\"2019-06-11T11:36:14+00:00\" \/>\n<meta name=\"twitter:card\" content=\"summary_large_image\" \/>\n<meta name=\"twitter:label1\" content=\"Est. reading time\" \/>\n\t<meta name=\"twitter:data1\" content=\"5 minutes\" \/>\n<script type=\"application\/ld+json\" class=\"yoast-schema-graph\">{\"@context\":\"https:\\\/\\\/schema.org\",\"@graph\":[{\"@type\":\"WebPage\",\"@id\":\"https:\\\/\\\/kastelletvaxholm.se\\\/en\\\/hotel-booking\\\/our-rooms\\\/\",\"url\":\"https:\\\/\\\/kastelletvaxholm.se\\\/en\\\/hotel-booking\\\/our-rooms\\\/\",\"name\":\"Our rooms - Kastellet Bed &amp; Breakfast\",\"isPartOf\":{\"@id\":\"https:\\\/\\\/kastelletvaxholm.se\\\/en\\\/#website\"},\"datePublished\":\"2018-01-22T13:53:33+00:00\",\"dateModified\":\"2019-06-11T11:36:14+00:00\",\"breadcrumb\":{\"@id\":\"https:\\\/\\\/kastelletvaxholm.se\\\/en\\\/hotel-booking\\\/our-rooms\\\/#breadcrumb\"},\"inLanguage\":\"en-US\",\"potentialAction\":[{\"@type\":\"ReadAction\",\"target\":[\"https:\\\/\\\/kastelletvaxholm.se\\\/en\\\/hotel-booking\\\/our-rooms\\\/\"]}]},{\"@type\":\"BreadcrumbList\",\"@id\":\"https:\\\/\\\/kastelletvaxholm.se\\\/en\\\/hotel-booking\\\/our-rooms\\\/#breadcrumb\",\"itemListElement\":[{\"@type\":\"ListItem\",\"position\":1,\"name\":\"Hem\",\"item\":\"https:\\\/\\\/kastelletvaxholm.se\\\/en\\\/\"},{\"@type\":\"ListItem\",\"position\":2,\"name\":\"Hotel &#038; booking\",\"item\":\"https:\\\/\\\/kastelletvaxholm.se\\\/en\\\/hotel-booking\\\/\"},{\"@type\":\"ListItem\",\"position\":3,\"name\":\"Our rooms\"}]},{\"@type\":\"WebSite\",\"@id\":\"https:\\\/\\\/kastelletvaxholm.se\\\/en\\\/#website\",\"url\":\"https:\\\/\\\/kastelletvaxholm.se\\\/en\\\/\",\"name\":\"Kastellet Bed &amp; Breakfast\",\"description\":\"Upplev Stockholms sk\u00e4rg\u00e5rd och bo p\u00e5 Vaxholms Kastell i en unik milj\u00f6 med anor fr\u00e5n 1500-talet\",\"potentialAction\":[{\"@type\":\"SearchAction\",\"target\":{\"@type\":\"EntryPoint\",\"urlTemplate\":\"https:\\\/\\\/kastelletvaxholm.se\\\/en\\\/?s={search_term_string}\"},\"query-input\":{\"@type\":\"PropertyValueSpecification\",\"valueRequired\":true,\"valueName\":\"search_term_string\"}}],\"inLanguage\":\"en-US\"}]}<\/script>\n<!-- \/ Yoast SEO plugin. -->","yoast_head_json":{"title":"Our rooms - Kastellet Bed &amp; Breakfast","robots":{"index":"index","follow":"follow","max-snippet":"max-snippet:-1","max-image-preview":"max-image-preview:large","max-video-preview":"max-video-preview:-1"},"canonical":"https:\/\/kastelletvaxholm.se\/en\/hotel-booking\/our-rooms\/","og_locale":"en_US","og_type":"article","og_title":"Our rooms - Kastellet Bed &amp; Breakfast","og_description":"[vc_row css_animation=&#8221;&#8221; row_type=&#8221;row&#8221; use_row_as_full_screen_section=&#8221;no&#8221; type=&#8221;grid&#8221; angled_section=&#8221;no&#8221; text_align=&#8221;left&#8221; background_image_as_pattern=&#8221;without_pattern&#8221; el_class=&#8221;content-margin&#8221; z_index=&#8221;&#8221;][vc_column width=&#8221;1\/4&#8243;][vc_widget_sidebar sidebar_id=&#8221;sidebar_page&#8221;][\/vc_column][vc_column width=&#8221;3\/4&#8243;][vc_row_inner row_type=&#8221;row&#8221; type=&#8221;full_width&#8221; text_align=&#8221;left&#8221; css_animation=&#8221;&#8221;][vc_column_inner][vc_column_text el_class=&#8221;ingress&#8221;]An overview of all the rooms at Kastellet.[\/vc_column_text][\/vc_column_inner][\/vc_row_inner][vc_row_inner row_type=&#8221;row&#8221; type=&#8221;full_width&#8221; text_align=&#8221;center&#8221; css_animation=&#8221;&#8221;][vc_column_inner el_class=&#8221;margin-30&#8243; width=&#8221;1\/3&#8243;][vc_single_image image=&#8221;1287&#8243; img_size=&#8221;square&#8221; onclick=&#8221;custom_link&#8221; qode_css_animation=&#8221;&#8221; qode_hover_animation=&#8221;darken&#8221; el_class=&#8221;margin-20&#8243; link=&#8221;https:\/\/kastelletvaxholm.se\/en\/hotel-booking\/our-rooms\/single-room\/&#8221;][vc_column_text] Single room [\/vc_column_text][vc_column_text]All our rooms can be...","og_url":"https:\/\/kastelletvaxholm.se\/en\/hotel-booking\/our-rooms\/","og_site_name":"Kastellet Bed &amp; Breakfast","article_modified_time":"2019-06-11T11:36:14+00:00","twitter_card":"summary_large_image","twitter_misc":{"Est. reading time":"5 minutes"},"schema":{"@context":"https:\/\/schema.org","@graph":[{"@type":"WebPage","@id":"https:\/\/kastelletvaxholm.se\/en\/hotel-booking\/our-rooms\/","url":"https:\/\/kastelletvaxholm.se\/en\/hotel-booking\/our-rooms\/","name":"Our rooms - Kastellet Bed &amp; Breakfast","isPartOf":{"@id":"https:\/\/kastelletvaxholm.se\/en\/#website"},"datePublished":"2018-01-22T13:53:33+00:00","dateModified":"2019-06-11T11:36:14+00:00","breadcrumb":{"@id":"https:\/\/kastelletvaxholm.se\/en\/hotel-booking\/our-rooms\/#breadcrumb"},"inLanguage":"en-US","potentialAction":[{"@type":"ReadAction","target":["https:\/\/kastelletvaxholm.se\/en\/hotel-booking\/our-rooms\/"]}]},{"@type":"BreadcrumbList","@id":"https:\/\/kastelletvaxholm.se\/en\/hotel-booking\/our-rooms\/#breadcrumb","itemListElement":[{"@type":"ListItem","position":1,"name":"Hem","item":"https:\/\/kastelletvaxholm.se\/en\/"},{"@type":"ListItem","position":2,"name":"Hotel &#038; booking","item":"https:\/\/kastelletvaxholm.se\/en\/hotel-booking\/"},{"@type":"ListItem","position":3,"name":"Our rooms"}]},{"@type":"WebSite","@id":"https:\/\/kastelletvaxholm.se\/en\/#website","url":"https:\/\/kastelletvaxholm.se\/en\/","name":"Kastellet Bed &amp; Breakfast","description":"Upplev Stockholms sk\u00e4rg\u00e5rd och bo p\u00e5 Vaxholms Kastell i en unik milj\u00f6 med anor fr\u00e5n 1500-talet","potentialAction":[{"@type":"SearchAction","target":{"@type":"EntryPoint","urlTemplate":"https:\/\/kastelletvaxholm.se\/en\/?s={search_term_string}"},"query-input":{"@type":"PropertyValueSpecification","valueRequired":true,"valueName":"search_term_string"}}],"inLanguage":"en-US"}]}},"_links":{"self":[{"href":"https:\/\/kastelletvaxholm.se\/en\/wp-json\/wp\/v2\/pages\/603","targetHints":{"allow":["GET"]}}],"collection":[{"href":"https:\/\/kastelletvaxholm.se\/en\/wp-json\/wp\/v2\/pages"}],"about":[{"href":"https:\/\/kastelletvaxholm.se\/en\/wp-json\/wp\/v2\/types\/page"}],"author":[{"embeddable":true,"href":"https:\/\/kastelletvaxholm.se\/en\/wp-json\/wp\/v2\/users\/2"}],"replies":[{"embeddable":true,"href":"https:\/\/kastelletvaxholm.se\/en\/wp-json\/wp\/v2\/comments?post=603"}],"version-history":[{"count":0,"href":"https:\/\/kastelletvaxholm.se\/en\/wp-json\/wp\/v2\/pages\/603\/revisions"}],"up":[{"embeddable":true,"href":"https:\/\/kastelletvaxholm.se\/en\/wp-json\/wp\/v2\/pages\/590"}],"wp:attachment":[{"href":"https:\/\/kastelletvaxholm.se\/en\/wp-json\/wp\/v2\/media?parent=603"}],"curies":[{"name":"wp","href":"https:\/\/api.w.org\/{rel}","templated":true}]}}