{"id":657,"date":"2018-01-23T08:29:43","date_gmt":"2018-01-23T07:29:43","guid":{"rendered":"http:\/\/kastelletvaxholm.se\/?page_id=657"},"modified":"2022-03-30T12:31:40","modified_gmt":"2022-03-30T10:31:40","slug":"triple-room-sea-view","status":"publish","type":"page","link":"https:\/\/kastelletvaxholm.se\/en\/hotel-booking\/our-rooms\/triple-room-sea-view\/","title":{"rendered":"Triple room sea view"},"content":{"rendered":"<div class=\"wpb-content-wrapper\"><p>[vc_row css_animation=&#8221;&#8221; row_type=&#8221;row&#8221; use_row_as_full_screen_section=&#8221;no&#8221; type=&#8221;grid&#8221; angled_section=&#8221;no&#8221; text_align=&#8221;left&#8221; background_image_as_pattern=&#8221;without_pattern&#8221; el_class=&#8221;content-margin&#8221; z_index=&#8221;&#8221;][vc_column width=&#8221;1\/4&#8243;][vc_widget_sidebar sidebar_id=&#8221;sidebar_page&#8221;][\/vc_column][vc_column width=&#8221;3\/4&#8243;][vc_row_inner row_type=&#8221;row&#8221; type=&#8221;full_width&#8221; text_align=&#8221;left&#8221; css_animation=&#8221;&#8221;][vc_column_inner][vc_single_image image=&#8221;284&#8243; img_size=&#8221;room-img&#8221; qode_css_animation=&#8221;&#8221; el_class=&#8221;margin-20&#8243;][vc_column_text el_class=&#8221;ingress&#8221;]Our triple room with sea view has views to the north of Vaxholm Bay and has three separate beds that can easily be pushed together if one wishes , the room is approximately 20 sqm.[\/vc_column_text][vc_column_text]<\/p>\n<h2>Boendefakta<\/h2>\n<p>[\/vc_column_text]<div class='q_list circle'><\/p>\n<ul>\n<li>20kvm<\/li>\n<li>Tre 90 cm s\u00e4ngar fr\u00e5n Wiking beds<\/li>\n<li>Fri tillg\u00e5ng till WiFi i hela byggnaden<\/li>\n<li>Dusch &amp; WC finns i korridor i n\u00e4ra anslutning till rum<\/li>\n<li>Frukostbuff\u00e9<\/li>\n<\/ul>\n<p><\/div>[vc_column_text]Pris fr\u00e5n 1450 kr, priserna \u00e4r dynamiska och baseras p\u00e5 v\u00e5ra b\u00e4sta tillg\u00e4ngliga priser. F\u00f6r att se pris och tillg\u00e4nglighet f\u00f6r dina datum, klicka p\u00e5 knappen nedan.[\/vc_column_text]<a  itemprop=\"url\" href=\"https:\/\/kastelletvaxholm.se\/en\/hotel-booking\/our-rooms\/\" target=\"_self\"  class=\"qbutton  medium default\" style=\"margin: 0 10px 0 0; \">All room types<i class=\"qode_icon_font_awesome fa fa-angle-right qode_button_icon_element\" style=\"\" ><\/i><\/a><a  itemprop=\"url\" href=\"https:\/\/kastelletvaxholm.se\/en\/hotel-booking\/book-hotel\/\" target=\"_self\"  class=\"qbutton  medium white default\" style=\"\">Book hotel<i class=\"qode_icon_font_awesome fa fa-angle-right qode_button_icon_element\" style=\"\" ><\/i><\/a>[vc_gallery type=&#8221;image_grid&#8221; images=&#8221;284,445,446,447,448,449&#8243; img_size=&#8221;square&#8221; column_number=&#8221;3&#8243; grayscale=&#8221;no&#8221; images_space=&#8221;gallery_with_space&#8221;][\/vc_column_inner][\/vc_row_inner][\/vc_column][\/vc_row]<\/p>\n<\/div>","protected":false},"excerpt":{"rendered":"<p>[vc_row css_animation=&#8221;&#8221; row_type=&#8221;row&#8221; use_row_as_full_screen_section=&#8221;no&#8221; type=&#8221;grid&#8221; angled_section=&#8221;no&#8221; text_align=&#8221;left&#8221; background_image_as_pattern=&#8221;without_pattern&#8221; el_class=&#8221;content-margin&#8221; z_index=&#8221;&#8221;][vc_column width=&#8221;1\/4&#8243;][vc_widget_sidebar sidebar_id=&#8221;sidebar_page&#8221;][\/vc_column][vc_column width=&#8221;3\/4&#8243;][vc_row_inner row_type=&#8221;row&#8221; type=&#8221;full_width&#8221; text_align=&#8221;left&#8221; css_animation=&#8221;&#8221;][vc_column_inner][vc_single_image image=&#8221;284&#8243; img_size=&#8221;room-img&#8221; qode_css_animation=&#8221;&#8221; el_class=&#8221;margin-20&#8243;][vc_column_text el_class=&#8221;ingress&#8221;]Our triple room with sea view has views to the north of Vaxholm Bay and has three separate beds that can easily be pushed&#8230;<\/p>\n","protected":false},"author":2,"featured_media":0,"parent":603,"menu_order":0,"comment_status":"closed","ping_status":"closed","template":"full_width.php","meta":{"inline_featured_image":false,"footnotes":""},"class_list":["post-657","page","type-page","status-publish","hentry"],"yoast_head":"<!-- This site is optimized with the Yoast SEO plugin v27.1.1 - https:\/\/yoast.com\/product\/yoast-seo-wordpress\/ -->\n<title>Triple room sea view - Kastellet Bed &amp; Breakfast<\/title>\n<meta name=\"robots\" content=\"index, follow, max-snippet:-1, max-image-preview:large, max-video-preview:-1\" \/>\n<link rel=\"canonical\" href=\"https:\/\/kastelletvaxholm.se\/en\/hotel-booking\/our-rooms\/triple-room-sea-view\/\" \/>\n<meta property=\"og:locale\" content=\"en_US\" \/>\n<meta property=\"og:type\" content=\"article\" \/>\n<meta property=\"og:title\" content=\"Triple room sea view - Kastellet Bed &amp; Breakfast\" \/>\n<meta property=\"og:description\" content=\"[vc_row css_animation=&#8221;&#8221; row_type=&#8221;row&#8221; use_row_as_full_screen_section=&#8221;no&#8221; type=&#8221;grid&#8221; angled_section=&#8221;no&#8221; text_align=&#8221;left&#8221; background_image_as_pattern=&#8221;without_pattern&#8221; el_class=&#8221;content-margin&#8221; z_index=&#8221;&#8221;][vc_column width=&#8221;1\/4&#8243;][vc_widget_sidebar sidebar_id=&#8221;sidebar_page&#8221;][\/vc_column][vc_column width=&#8221;3\/4&#8243;][vc_row_inner row_type=&#8221;row&#8221; type=&#8221;full_width&#8221; text_align=&#8221;left&#8221; css_animation=&#8221;&#8221;][vc_column_inner][vc_single_image image=&#8221;284&#8243; img_size=&#8221;room-img&#8221; qode_css_animation=&#8221;&#8221; el_class=&#8221;margin-20&#8243;][vc_column_text el_class=&#8221;ingress&#8221;]Our triple room with sea view has views to the north of Vaxholm Bay and has three separate beds that can easily be pushed...\" \/>\n<meta property=\"og:url\" content=\"https:\/\/kastelletvaxholm.se\/en\/hotel-booking\/our-rooms\/triple-room-sea-view\/\" \/>\n<meta property=\"og:site_name\" content=\"Kastellet Bed &amp; Breakfast\" \/>\n<meta property=\"article:modified_time\" content=\"2022-03-30T10:31:40+00:00\" \/>\n<meta name=\"twitter:card\" content=\"summary_large_image\" \/>\n<meta name=\"twitter:label1\" content=\"Est. reading time\" \/>\n\t<meta name=\"twitter:data1\" content=\"1 minute\" \/>\n<script type=\"application\/ld+json\" class=\"yoast-schema-graph\">{\"@context\":\"https:\/\/schema.org\",\"@graph\":[{\"@type\":\"WebPage\",\"@id\":\"https:\/\/kastelletvaxholm.se\/en\/hotel-booking\/our-rooms\/triple-room-sea-view\/\",\"url\":\"https:\/\/kastelletvaxholm.se\/en\/hotel-booking\/our-rooms\/triple-room-sea-view\/\",\"name\":\"Triple room sea view - Kastellet Bed &amp; Breakfast\",\"isPartOf\":{\"@id\":\"https:\/\/kastelletvaxholm.se\/en\/#website\"},\"datePublished\":\"2018-01-23T07:29:43+00:00\",\"dateModified\":\"2022-03-30T10:31:40+00:00\",\"breadcrumb\":{\"@id\":\"https:\/\/kastelletvaxholm.se\/en\/hotel-booking\/our-rooms\/triple-room-sea-view\/#breadcrumb\"},\"inLanguage\":\"en-US\",\"potentialAction\":[{\"@type\":\"ReadAction\",\"target\":[\"https:\/\/kastelletvaxholm.se\/en\/hotel-booking\/our-rooms\/triple-room-sea-view\/\"]}]},{\"@type\":\"BreadcrumbList\",\"@id\":\"https:\/\/kastelletvaxholm.se\/en\/hotel-booking\/our-rooms\/triple-room-sea-view\/#breadcrumb\",\"itemListElement\":[{\"@type\":\"ListItem\",\"position\":1,\"name\":\"Hem\",\"item\":\"https:\/\/kastelletvaxholm.se\/en\/\"},{\"@type\":\"ListItem\",\"position\":2,\"name\":\"Hotel &#038; booking\",\"item\":\"https:\/\/kastelletvaxholm.se\/en\/hotel-booking\/\"},{\"@type\":\"ListItem\",\"position\":3,\"name\":\"Our rooms\",\"item\":\"https:\/\/kastelletvaxholm.se\/en\/hotel-booking\/our-rooms\/\"},{\"@type\":\"ListItem\",\"position\":4,\"name\":\"Triple room sea view\"}]},{\"@type\":\"WebSite\",\"@id\":\"https:\/\/kastelletvaxholm.se\/en\/#website\",\"url\":\"https:\/\/kastelletvaxholm.se\/en\/\",\"name\":\"Kastellet Bed &amp; Breakfast\",\"description\":\"Upplev Stockholms sk\u00e4rg\u00e5rd och bo p\u00e5 Vaxholms Kastell i en unik milj\u00f6 med anor fr\u00e5n 1500-talet\",\"potentialAction\":[{\"@type\":\"SearchAction\",\"target\":{\"@type\":\"EntryPoint\",\"urlTemplate\":\"https:\/\/kastelletvaxholm.se\/en\/?s={search_term_string}\"},\"query-input\":{\"@type\":\"PropertyValueSpecification\",\"valueRequired\":true,\"valueName\":\"search_term_string\"}}],\"inLanguage\":\"en-US\"}]}<\/script>\n<!-- \/ Yoast SEO plugin. -->","yoast_head_json":{"title":"Triple room sea view - Kastellet Bed &amp; Breakfast","robots":{"index":"index","follow":"follow","max-snippet":"max-snippet:-1","max-image-preview":"max-image-preview:large","max-video-preview":"max-video-preview:-1"},"canonical":"https:\/\/kastelletvaxholm.se\/en\/hotel-booking\/our-rooms\/triple-room-sea-view\/","og_locale":"en_US","og_type":"article","og_title":"Triple room sea view - Kastellet Bed &amp; Breakfast","og_description":"[vc_row css_animation=&#8221;&#8221; row_type=&#8221;row&#8221; use_row_as_full_screen_section=&#8221;no&#8221; type=&#8221;grid&#8221; angled_section=&#8221;no&#8221; text_align=&#8221;left&#8221; background_image_as_pattern=&#8221;without_pattern&#8221; el_class=&#8221;content-margin&#8221; z_index=&#8221;&#8221;][vc_column width=&#8221;1\/4&#8243;][vc_widget_sidebar sidebar_id=&#8221;sidebar_page&#8221;][\/vc_column][vc_column width=&#8221;3\/4&#8243;][vc_row_inner row_type=&#8221;row&#8221; type=&#8221;full_width&#8221; text_align=&#8221;left&#8221; css_animation=&#8221;&#8221;][vc_column_inner][vc_single_image image=&#8221;284&#8243; img_size=&#8221;room-img&#8221; qode_css_animation=&#8221;&#8221; el_class=&#8221;margin-20&#8243;][vc_column_text el_class=&#8221;ingress&#8221;]Our triple room with sea view has views to the north of Vaxholm Bay and has three separate beds that can easily be pushed...","og_url":"https:\/\/kastelletvaxholm.se\/en\/hotel-booking\/our-rooms\/triple-room-sea-view\/","og_site_name":"Kastellet Bed &amp; Breakfast","article_modified_time":"2022-03-30T10:31:40+00:00","twitter_card":"summary_large_image","twitter_misc":{"Est. reading time":"1 minute"},"schema":{"@context":"https:\/\/schema.org","@graph":[{"@type":"WebPage","@id":"https:\/\/kastelletvaxholm.se\/en\/hotel-booking\/our-rooms\/triple-room-sea-view\/","url":"https:\/\/kastelletvaxholm.se\/en\/hotel-booking\/our-rooms\/triple-room-sea-view\/","name":"Triple room sea view - Kastellet Bed &amp; Breakfast","isPartOf":{"@id":"https:\/\/kastelletvaxholm.se\/en\/#website"},"datePublished":"2018-01-23T07:29:43+00:00","dateModified":"2022-03-30T10:31:40+00:00","breadcrumb":{"@id":"https:\/\/kastelletvaxholm.se\/en\/hotel-booking\/our-rooms\/triple-room-sea-view\/#breadcrumb"},"inLanguage":"en-US","potentialAction":[{"@type":"ReadAction","target":["https:\/\/kastelletvaxholm.se\/en\/hotel-booking\/our-rooms\/triple-room-sea-view\/"]}]},{"@type":"BreadcrumbList","@id":"https:\/\/kastelletvaxholm.se\/en\/hotel-booking\/our-rooms\/triple-room-sea-view\/#breadcrumb","itemListElement":[{"@type":"ListItem","position":1,"name":"Hem","item":"https:\/\/kastelletvaxholm.se\/en\/"},{"@type":"ListItem","position":2,"name":"Hotel &#038; booking","item":"https:\/\/kastelletvaxholm.se\/en\/hotel-booking\/"},{"@type":"ListItem","position":3,"name":"Our rooms","item":"https:\/\/kastelletvaxholm.se\/en\/hotel-booking\/our-rooms\/"},{"@type":"ListItem","position":4,"name":"Triple room sea view"}]},{"@type":"WebSite","@id":"https:\/\/kastelletvaxholm.se\/en\/#website","url":"https:\/\/kastelletvaxholm.se\/en\/","name":"Kastellet Bed &amp; Breakfast","description":"Upplev Stockholms sk\u00e4rg\u00e5rd och bo p\u00e5 Vaxholms Kastell i en unik milj\u00f6 med anor fr\u00e5n 1500-talet","potentialAction":[{"@type":"SearchAction","target":{"@type":"EntryPoint","urlTemplate":"https:\/\/kastelletvaxholm.se\/en\/?s={search_term_string}"},"query-input":{"@type":"PropertyValueSpecification","valueRequired":true,"valueName":"search_term_string"}}],"inLanguage":"en-US"}]}},"_links":{"self":[{"href":"https:\/\/kastelletvaxholm.se\/en\/wp-json\/wp\/v2\/pages\/657","targetHints":{"allow":["GET"]}}],"collection":[{"href":"https:\/\/kastelletvaxholm.se\/en\/wp-json\/wp\/v2\/pages"}],"about":[{"href":"https:\/\/kastelletvaxholm.se\/en\/wp-json\/wp\/v2\/types\/page"}],"author":[{"embeddable":true,"href":"https:\/\/kastelletvaxholm.se\/en\/wp-json\/wp\/v2\/users\/2"}],"replies":[{"embeddable":true,"href":"https:\/\/kastelletvaxholm.se\/en\/wp-json\/wp\/v2\/comments?post=657"}],"version-history":[{"count":0,"href":"https:\/\/kastelletvaxholm.se\/en\/wp-json\/wp\/v2\/pages\/657\/revisions"}],"up":[{"embeddable":true,"href":"https:\/\/kastelletvaxholm.se\/en\/wp-json\/wp\/v2\/pages\/603"}],"wp:attachment":[{"href":"https:\/\/kastelletvaxholm.se\/en\/wp-json\/wp\/v2\/media?parent=657"}],"curies":[{"name":"wp","href":"https:\/\/api.w.org\/{rel}","templated":true}]}}