{"id":671,"date":"2018-01-23T08:32:50","date_gmt":"2018-01-23T07:32:50","guid":{"rendered":"http:\/\/kastelletvaxholm.se\/?page_id=671"},"modified":"2022-05-16T20:43:33","modified_gmt":"2022-05-16T18:43:33","slug":"parking-at-vaxholm","status":"publish","type":"page","link":"https:\/\/kastelletvaxholm.se\/en\/before-arrival\/parking-at-vaxholm\/","title":{"rendered":"Parking at Vaxholm"},"content":{"rendered":"<div class=\"wpb-content-wrapper\"><p>[vc_row css_animation=&#8221;&#8221; row_type=&#8221;row&#8221; use_row_as_full_screen_section=&#8221;no&#8221; type=&#8221;grid&#8221; angled_section=&#8221;no&#8221; text_align=&#8221;left&#8221; background_image_as_pattern=&#8221;without_pattern&#8221; el_class=&#8221;content-margin&#8221; z_index=&#8221;&#8221;][vc_column width=&#8221;1\/4&#8243;][vc_widget_sidebar sidebar_id=&#8221;Sidebar Before Arrival&#8221;][\/vc_column][vc_column width=&#8221;3\/4&#8243;][vc_row_inner row_type=&#8221;row&#8221; type=&#8221;full_width&#8221; text_align=&#8221;left&#8221; css_animation=&#8221;&#8221;][vc_column_inner][vc_column_text el_class=&#8221;ingress&#8221;]<\/p>\n<h2>Long time parking in Vaxholm<\/h2>\n<p>[\/vc_column_text][vc_column_text]<\/p>\n<p id=\"tw-target-text\" class=\"tw-data-text tw-text-large tw-ta\" dir=\"ltr\" data-placeholder=\"\u00d6vers\u00e4ttning\"><span class=\"Y2IQFc\" lang=\"en\">During the summer, many people visit Vaxholm and it can be difficult to find parking, below are some of the nearest long-term car parks and Vaxholm City&#8217;s fees for parking. <\/span><\/p>\n<p class=\"tw-data-text tw-text-large tw-ta\" dir=\"ltr\" data-placeholder=\"\u00d6vers\u00e4ttning\"><span class=\"Y2IQFc\" lang=\"en\">NOTE, For parking on Rind\u00f6v\u00e4gen 3, you need to take the Road Ferry to Rind\u00f6. The road ferry runs around the clock, is free and it takes about 5-10 minutes to cross.<\/span><\/p>\n<p>[\/vc_column_text]<div class=\"qode-advanced-pricing-table\">\n\t<div class=\"qode-apt-header qode-apt-row\">\n\t\t<div class=\"qode-apt-title-holder\">\n\t\t\t<h5 class=\"qode-apt-title\">\n\t\t\t\tArea\t\t\t<\/h5>\n\t\t<\/div>\n\t\t<div class=\"qode-apt-column-title-holder\">\n\t\t\t<h5 class=\"qode-apt-title\">\n\t\t\t\tPermitted time to park, and fee\t\t\t<\/h5>\n\t\t<\/div>\n\t<\/div>\n\t\t\t<div class=\"qode-apt-items qode-apt-row\">\n\t\t\t<div class=\"qode-apt-item-title\">\n\t\t\t\tRind\u00f6v\u00e4gen 3\t\t\t<\/div>\n\t\t\t<div class=\"qode-apt-item-price\">\n\t\t\t\t$Free of charege 24 hours\t\t\t<\/div>\n\t\t<\/div>\n\t\t\t<div class=\"qode-apt-items qode-apt-row\">\n\t\t\t<div class=\"qode-apt-item-title\">\n\t\t\t\tRoddaregatan\/Hamngatan 52\t\t\t<\/div>\n\t\t\t<div class=\"qode-apt-item-price\">\n\t\t\t\t$5 Days, 30kr\/hour, 500kr\/1 Day\t\t\t<\/div>\n\t\t<\/div>\n\t\t\t<div class=\"qode-apt-items qode-apt-row\">\n\t\t\t<div class=\"qode-apt-item-title\">\n\t\t\t\tKron\u00e4ngsskolan\t\t\t<\/div>\n\t\t\t<div class=\"qode-apt-item-price\">\n\t\t\t\t$5 days, 20kr\/hour, 300kr\/1 Day\t\t\t<\/div>\n\t\t<\/div>\n\t\t\t<div class=\"qode-apt-items qode-apt-row\">\n\t\t\t<div class=\"qode-apt-item-title\">\n\t\t\t\tFlorav\u00e4gen\/Myrholmen\t\t\t<\/div>\n\t\t\t<div class=\"qode-apt-item-price\">\n\t\t\t\t$30 Days, 100kr\/1 Day first 10 days, thereafter free of charge\t\t\t<\/div>\n\t\t<\/div>\n\t\t\t<\/div>[\/vc_column_inner][\/vc_row_inner][\/vc_column][\/vc_row]<\/p>\n<\/div>","protected":false},"excerpt":{"rendered":"<p>[vc_row css_animation=&#8221;&#8221; row_type=&#8221;row&#8221; use_row_as_full_screen_section=&#8221;no&#8221; type=&#8221;grid&#8221; angled_section=&#8221;no&#8221; text_align=&#8221;left&#8221; background_image_as_pattern=&#8221;without_pattern&#8221; el_class=&#8221;content-margin&#8221; z_index=&#8221;&#8221;][vc_column width=&#8221;1\/4&#8243;][vc_widget_sidebar sidebar_id=&#8221;Sidebar Before Arrival&#8221;][\/vc_column][vc_column width=&#8221;3\/4&#8243;][vc_row_inner row_type=&#8221;row&#8221; type=&#8221;full_width&#8221; text_align=&#8221;left&#8221; css_animation=&#8221;&#8221;][vc_column_inner][vc_column_text el_class=&#8221;ingress&#8221;] Long time parking in Vaxholm [\/vc_column_text][vc_column_text] During the summer, many people visit Vaxholm and it can be difficult to find parking, below are some of&#8230;<\/p>\n","protected":false},"author":2,"featured_media":0,"parent":601,"menu_order":0,"comment_status":"closed","ping_status":"closed","template":"full_width.php","meta":{"inline_featured_image":false,"footnotes":""},"class_list":["post-671","page","type-page","status-publish","hentry"],"yoast_head":"<!-- This site is optimized with the Yoast SEO plugin v27.5 - https:\/\/yoast.com\/product\/yoast-seo-wordpress\/ -->\n<title>Parking at Vaxholm - Kastellet Bed &amp; Breakfast<\/title>\n<meta name=\"robots\" content=\"index, follow, max-snippet:-1, max-image-preview:large, max-video-preview:-1\" \/>\n<link rel=\"canonical\" href=\"https:\/\/kastelletvaxholm.se\/en\/before-arrival\/parking-at-vaxholm\/\" \/>\n<meta property=\"og:locale\" content=\"en_US\" \/>\n<meta property=\"og:type\" content=\"article\" \/>\n<meta property=\"og:title\" content=\"Parking at Vaxholm - Kastellet Bed &amp; Breakfast\" \/>\n<meta property=\"og:description\" content=\"[vc_row css_animation=&#8221;&#8221; row_type=&#8221;row&#8221; use_row_as_full_screen_section=&#8221;no&#8221; type=&#8221;grid&#8221; angled_section=&#8221;no&#8221; text_align=&#8221;left&#8221; background_image_as_pattern=&#8221;without_pattern&#8221; el_class=&#8221;content-margin&#8221; z_index=&#8221;&#8221;][vc_column width=&#8221;1\/4&#8243;][vc_widget_sidebar sidebar_id=&#8221;Sidebar Before Arrival&#8221;][\/vc_column][vc_column width=&#8221;3\/4&#8243;][vc_row_inner row_type=&#8221;row&#8221; type=&#8221;full_width&#8221; text_align=&#8221;left&#8221; css_animation=&#8221;&#8221;][vc_column_inner][vc_column_text el_class=&#8221;ingress&#8221;] Long time parking in Vaxholm [\/vc_column_text][vc_column_text] During the summer, many people visit Vaxholm and it can be difficult to find parking, below are some of...\" \/>\n<meta property=\"og:url\" content=\"https:\/\/kastelletvaxholm.se\/en\/before-arrival\/parking-at-vaxholm\/\" \/>\n<meta property=\"og:site_name\" content=\"Kastellet Bed &amp; Breakfast\" \/>\n<meta property=\"article:modified_time\" content=\"2022-05-16T18:43:33+00:00\" \/>\n<meta name=\"twitter:card\" content=\"summary_large_image\" \/>\n<meta name=\"twitter:label1\" content=\"Est. reading time\" \/>\n\t<meta name=\"twitter:data1\" content=\"1 minute\" \/>\n<script type=\"application\/ld+json\" class=\"yoast-schema-graph\">{\"@context\":\"https:\\\/\\\/schema.org\",\"@graph\":[{\"@type\":\"WebPage\",\"@id\":\"https:\\\/\\\/kastelletvaxholm.se\\\/en\\\/before-arrival\\\/parking-at-vaxholm\\\/\",\"url\":\"https:\\\/\\\/kastelletvaxholm.se\\\/en\\\/before-arrival\\\/parking-at-vaxholm\\\/\",\"name\":\"Parking at Vaxholm - Kastellet Bed &amp; Breakfast\",\"isPartOf\":{\"@id\":\"https:\\\/\\\/kastelletvaxholm.se\\\/en\\\/#website\"},\"datePublished\":\"2018-01-23T07:32:50+00:00\",\"dateModified\":\"2022-05-16T18:43:33+00:00\",\"breadcrumb\":{\"@id\":\"https:\\\/\\\/kastelletvaxholm.se\\\/en\\\/before-arrival\\\/parking-at-vaxholm\\\/#breadcrumb\"},\"inLanguage\":\"en-US\",\"potentialAction\":[{\"@type\":\"ReadAction\",\"target\":[\"https:\\\/\\\/kastelletvaxholm.se\\\/en\\\/before-arrival\\\/parking-at-vaxholm\\\/\"]}]},{\"@type\":\"BreadcrumbList\",\"@id\":\"https:\\\/\\\/kastelletvaxholm.se\\\/en\\\/before-arrival\\\/parking-at-vaxholm\\\/#breadcrumb\",\"itemListElement\":[{\"@type\":\"ListItem\",\"position\":1,\"name\":\"Hem\",\"item\":\"https:\\\/\\\/kastelletvaxholm.se\\\/en\\\/\"},{\"@type\":\"ListItem\",\"position\":2,\"name\":\"Before arrival\",\"item\":\"https:\\\/\\\/kastelletvaxholm.se\\\/en\\\/before-arrival\\\/\"},{\"@type\":\"ListItem\",\"position\":3,\"name\":\"Parking at Vaxholm\"}]},{\"@type\":\"WebSite\",\"@id\":\"https:\\\/\\\/kastelletvaxholm.se\\\/en\\\/#website\",\"url\":\"https:\\\/\\\/kastelletvaxholm.se\\\/en\\\/\",\"name\":\"Kastellet Bed &amp; Breakfast\",\"description\":\"Upplev Stockholms sk\u00e4rg\u00e5rd och bo p\u00e5 Vaxholms Kastell i en unik milj\u00f6 med anor fr\u00e5n 1500-talet\",\"potentialAction\":[{\"@type\":\"SearchAction\",\"target\":{\"@type\":\"EntryPoint\",\"urlTemplate\":\"https:\\\/\\\/kastelletvaxholm.se\\\/en\\\/?s={search_term_string}\"},\"query-input\":{\"@type\":\"PropertyValueSpecification\",\"valueRequired\":true,\"valueName\":\"search_term_string\"}}],\"inLanguage\":\"en-US\"}]}<\/script>\n<!-- \/ Yoast SEO plugin. -->","yoast_head_json":{"title":"Parking at Vaxholm - Kastellet Bed &amp; Breakfast","robots":{"index":"index","follow":"follow","max-snippet":"max-snippet:-1","max-image-preview":"max-image-preview:large","max-video-preview":"max-video-preview:-1"},"canonical":"https:\/\/kastelletvaxholm.se\/en\/before-arrival\/parking-at-vaxholm\/","og_locale":"en_US","og_type":"article","og_title":"Parking at Vaxholm - Kastellet Bed &amp; Breakfast","og_description":"[vc_row css_animation=&#8221;&#8221; row_type=&#8221;row&#8221; use_row_as_full_screen_section=&#8221;no&#8221; type=&#8221;grid&#8221; angled_section=&#8221;no&#8221; text_align=&#8221;left&#8221; background_image_as_pattern=&#8221;without_pattern&#8221; el_class=&#8221;content-margin&#8221; z_index=&#8221;&#8221;][vc_column width=&#8221;1\/4&#8243;][vc_widget_sidebar sidebar_id=&#8221;Sidebar Before Arrival&#8221;][\/vc_column][vc_column width=&#8221;3\/4&#8243;][vc_row_inner row_type=&#8221;row&#8221; type=&#8221;full_width&#8221; text_align=&#8221;left&#8221; css_animation=&#8221;&#8221;][vc_column_inner][vc_column_text el_class=&#8221;ingress&#8221;] Long time parking in Vaxholm [\/vc_column_text][vc_column_text] During the summer, many people visit Vaxholm and it can be difficult to find parking, below are some of...","og_url":"https:\/\/kastelletvaxholm.se\/en\/before-arrival\/parking-at-vaxholm\/","og_site_name":"Kastellet Bed &amp; Breakfast","article_modified_time":"2022-05-16T18:43:33+00:00","twitter_card":"summary_large_image","twitter_misc":{"Est. reading time":"1 minute"},"schema":{"@context":"https:\/\/schema.org","@graph":[{"@type":"WebPage","@id":"https:\/\/kastelletvaxholm.se\/en\/before-arrival\/parking-at-vaxholm\/","url":"https:\/\/kastelletvaxholm.se\/en\/before-arrival\/parking-at-vaxholm\/","name":"Parking at Vaxholm - Kastellet Bed &amp; Breakfast","isPartOf":{"@id":"https:\/\/kastelletvaxholm.se\/en\/#website"},"datePublished":"2018-01-23T07:32:50+00:00","dateModified":"2022-05-16T18:43:33+00:00","breadcrumb":{"@id":"https:\/\/kastelletvaxholm.se\/en\/before-arrival\/parking-at-vaxholm\/#breadcrumb"},"inLanguage":"en-US","potentialAction":[{"@type":"ReadAction","target":["https:\/\/kastelletvaxholm.se\/en\/before-arrival\/parking-at-vaxholm\/"]}]},{"@type":"BreadcrumbList","@id":"https:\/\/kastelletvaxholm.se\/en\/before-arrival\/parking-at-vaxholm\/#breadcrumb","itemListElement":[{"@type":"ListItem","position":1,"name":"Hem","item":"https:\/\/kastelletvaxholm.se\/en\/"},{"@type":"ListItem","position":2,"name":"Before arrival","item":"https:\/\/kastelletvaxholm.se\/en\/before-arrival\/"},{"@type":"ListItem","position":3,"name":"Parking at Vaxholm"}]},{"@type":"WebSite","@id":"https:\/\/kastelletvaxholm.se\/en\/#website","url":"https:\/\/kastelletvaxholm.se\/en\/","name":"Kastellet Bed &amp; Breakfast","description":"Upplev Stockholms sk\u00e4rg\u00e5rd och bo p\u00e5 Vaxholms Kastell i en unik milj\u00f6 med anor fr\u00e5n 1500-talet","potentialAction":[{"@type":"SearchAction","target":{"@type":"EntryPoint","urlTemplate":"https:\/\/kastelletvaxholm.se\/en\/?s={search_term_string}"},"query-input":{"@type":"PropertyValueSpecification","valueRequired":true,"valueName":"search_term_string"}}],"inLanguage":"en-US"}]}},"_links":{"self":[{"href":"https:\/\/kastelletvaxholm.se\/en\/wp-json\/wp\/v2\/pages\/671","targetHints":{"allow":["GET"]}}],"collection":[{"href":"https:\/\/kastelletvaxholm.se\/en\/wp-json\/wp\/v2\/pages"}],"about":[{"href":"https:\/\/kastelletvaxholm.se\/en\/wp-json\/wp\/v2\/types\/page"}],"author":[{"embeddable":true,"href":"https:\/\/kastelletvaxholm.se\/en\/wp-json\/wp\/v2\/users\/2"}],"replies":[{"embeddable":true,"href":"https:\/\/kastelletvaxholm.se\/en\/wp-json\/wp\/v2\/comments?post=671"}],"version-history":[{"count":0,"href":"https:\/\/kastelletvaxholm.se\/en\/wp-json\/wp\/v2\/pages\/671\/revisions"}],"up":[{"embeddable":true,"href":"https:\/\/kastelletvaxholm.se\/en\/wp-json\/wp\/v2\/pages\/601"}],"wp:attachment":[{"href":"https:\/\/kastelletvaxholm.se\/en\/wp-json\/wp\/v2\/media?parent=671"}],"curies":[{"name":"wp","href":"https:\/\/api.w.org\/{rel}","templated":true}]}}