{"id":676,"date":"2018-01-23T08:34:13","date_gmt":"2018-01-23T07:34:13","guid":{"rendered":"http:\/\/kastelletvaxholm.se\/?page_id=676"},"modified":"2018-01-24T08:30:39","modified_gmt":"2018-01-24T07:30:39","slug":"wedding-party","status":"publish","type":"page","link":"https:\/\/kastelletvaxholm.se\/en\/vaxholm-castle\/wedding-party\/","title":{"rendered":"Wedding &#038; Party"},"content":{"rendered":"<div class=\"wpb-content-wrapper\"><p>[vc_row css_animation=&#8221;&#8221; row_type=&#8221;row&#8221; use_row_as_full_screen_section=&#8221;no&#8221; type=&#8221;grid&#8221; angled_section=&#8221;no&#8221; text_align=&#8221;left&#8221; background_image_as_pattern=&#8221;without_pattern&#8221; el_class=&#8221;content-margin&#8221; z_index=&#8221;&#8221;][vc_column width=&#8221;1\/4&#8243;][vc_widget_sidebar sidebar_id=&#8221;Sidebar Castle&#8221;][\/vc_column][vc_column width=&#8221;3\/4&#8243;][vc_row_inner row_type=&#8221;row&#8221; type=&#8221;full_width&#8221; text_align=&#8221;left&#8221; css_animation=&#8221;&#8221;][vc_column_inner][vc_column_text el_class=&#8221;ingress&#8221;]Kastellet \u00e4r idealiskt f\u00f6r br\u00f6llop och fest, en unik plats f\u00f6r ett unikt tillf\u00e4lle.[\/vc_column_text][vc_column_text]P\u00e5 Kastellet finns ett flertal br\u00f6llopslokaler beroende p\u00e5 hur m\u00e5nga g\u00e4ster man \u00e4r. Se v\u00e5ra <a href=\"https:\/\/kastelletvaxholm.se\/boende-bokning\/brollop-festpaket\/\">br\u00f6llopspaket<\/a>. [\/vc_column_text][vc_column_text]<\/p>\n<h2>Badholmen<\/h2>\n<p>[\/vc_column_text][vc_column_text]Badholmen \u00e4r en liten sk\u00e4rg\u00e5rds\u00f6 precis utanf\u00f6r Vaxholm som f\u00f6rknippas med br\u00f6llop och sommarfester. H\u00e4r serveras luncher, buff\u00e9er och trer\u00e4tters middagar.<\/p>\n<p>H\u00e4r finns tv\u00e5 restauranglokaler f\u00f6r olika storlekar p\u00e5 grupper, Magasinet f\u00f6r det st\u00f6rre s\u00e4llskapet p\u00e5 upp till 130 g\u00e4ster och Kalaset som rymmer upp till 44 g\u00e4ster.<\/p>\n<p>F\u00f6r mer information och bokning, se <a href=\"http:\/\/www.kastellet.com\" target=\"_blank\" rel=\"noopener\">www.kastellet.com<\/a>.[\/vc_column_text][\/vc_column_inner][\/vc_row_inner][\/vc_column][\/vc_row]<\/p>\n<\/div>","protected":false},"excerpt":{"rendered":"<p>[vc_row css_animation=&#8221;&#8221; row_type=&#8221;row&#8221; use_row_as_full_screen_section=&#8221;no&#8221; type=&#8221;grid&#8221; angled_section=&#8221;no&#8221; text_align=&#8221;left&#8221; background_image_as_pattern=&#8221;without_pattern&#8221; el_class=&#8221;content-margin&#8221; z_index=&#8221;&#8221;][vc_column width=&#8221;1\/4&#8243;][vc_widget_sidebar sidebar_id=&#8221;Sidebar Castle&#8221;][\/vc_column][vc_column width=&#8221;3\/4&#8243;][vc_row_inner row_type=&#8221;row&#8221; type=&#8221;full_width&#8221; text_align=&#8221;left&#8221; css_animation=&#8221;&#8221;][vc_column_inner][vc_column_text el_class=&#8221;ingress&#8221;]Kastellet \u00e4r idealiskt f\u00f6r br\u00f6llop och fest, en unik plats f\u00f6r ett unikt tillf\u00e4lle.[\/vc_column_text][vc_column_text]P\u00e5 Kastellet finns ett flertal br\u00f6llopslokaler beroende p\u00e5 hur m\u00e5nga g\u00e4ster man \u00e4r. Se&#8230;<\/p>\n","protected":false},"author":2,"featured_media":0,"parent":675,"menu_order":0,"comment_status":"closed","ping_status":"closed","template":"full_width.php","meta":{"inline_featured_image":false,"footnotes":""},"class_list":["post-676","page","type-page","status-publish","hentry"],"yoast_head":"<!-- This site is optimized with the Yoast SEO plugin v27.3 - https:\/\/yoast.com\/product\/yoast-seo-wordpress\/ -->\n<title>Wedding &amp; Party - Kastellet Bed &amp; Breakfast<\/title>\n<meta name=\"robots\" content=\"index, follow, max-snippet:-1, max-image-preview:large, max-video-preview:-1\" \/>\n<link rel=\"canonical\" href=\"https:\/\/kastelletvaxholm.se\/en\/vaxholm-castle\/wedding-party\/\" \/>\n<meta property=\"og:locale\" content=\"en_US\" \/>\n<meta property=\"og:type\" content=\"article\" \/>\n<meta property=\"og:title\" content=\"Wedding &amp; Party - Kastellet Bed &amp; Breakfast\" \/>\n<meta property=\"og:description\" content=\"[vc_row css_animation=&#8221;&#8221; row_type=&#8221;row&#8221; use_row_as_full_screen_section=&#8221;no&#8221; type=&#8221;grid&#8221; angled_section=&#8221;no&#8221; text_align=&#8221;left&#8221; background_image_as_pattern=&#8221;without_pattern&#8221; el_class=&#8221;content-margin&#8221; z_index=&#8221;&#8221;][vc_column width=&#8221;1\/4&#8243;][vc_widget_sidebar sidebar_id=&#8221;Sidebar Castle&#8221;][\/vc_column][vc_column width=&#8221;3\/4&#8243;][vc_row_inner row_type=&#8221;row&#8221; type=&#8221;full_width&#8221; text_align=&#8221;left&#8221; css_animation=&#8221;&#8221;][vc_column_inner][vc_column_text el_class=&#8221;ingress&#8221;]Kastellet \u00e4r idealiskt f\u00f6r br\u00f6llop och fest, en unik plats f\u00f6r ett unikt tillf\u00e4lle.[\/vc_column_text][vc_column_text]P\u00e5 Kastellet finns ett flertal br\u00f6llopslokaler beroende p\u00e5 hur m\u00e5nga g\u00e4ster man \u00e4r. Se...\" \/>\n<meta property=\"og:url\" content=\"https:\/\/kastelletvaxholm.se\/en\/vaxholm-castle\/wedding-party\/\" \/>\n<meta property=\"og:site_name\" content=\"Kastellet Bed &amp; Breakfast\" \/>\n<meta property=\"article:modified_time\" content=\"2018-01-24T07:30:39+00:00\" \/>\n<meta name=\"twitter:card\" content=\"summary_large_image\" \/>\n<meta name=\"twitter:label1\" content=\"Est. reading time\" \/>\n\t<meta name=\"twitter:data1\" content=\"1 minute\" \/>\n<script type=\"application\/ld+json\" class=\"yoast-schema-graph\">{\"@context\":\"https:\\\/\\\/schema.org\",\"@graph\":[{\"@type\":\"WebPage\",\"@id\":\"https:\\\/\\\/kastelletvaxholm.se\\\/en\\\/vaxholm-castle\\\/wedding-party\\\/\",\"url\":\"https:\\\/\\\/kastelletvaxholm.se\\\/en\\\/vaxholm-castle\\\/wedding-party\\\/\",\"name\":\"Wedding & Party - Kastellet Bed &amp; Breakfast\",\"isPartOf\":{\"@id\":\"https:\\\/\\\/kastelletvaxholm.se\\\/en\\\/#website\"},\"datePublished\":\"2018-01-23T07:34:13+00:00\",\"dateModified\":\"2018-01-24T07:30:39+00:00\",\"breadcrumb\":{\"@id\":\"https:\\\/\\\/kastelletvaxholm.se\\\/en\\\/vaxholm-castle\\\/wedding-party\\\/#breadcrumb\"},\"inLanguage\":\"en-US\",\"potentialAction\":[{\"@type\":\"ReadAction\",\"target\":[\"https:\\\/\\\/kastelletvaxholm.se\\\/en\\\/vaxholm-castle\\\/wedding-party\\\/\"]}]},{\"@type\":\"BreadcrumbList\",\"@id\":\"https:\\\/\\\/kastelletvaxholm.se\\\/en\\\/vaxholm-castle\\\/wedding-party\\\/#breadcrumb\",\"itemListElement\":[{\"@type\":\"ListItem\",\"position\":1,\"name\":\"Hem\",\"item\":\"https:\\\/\\\/kastelletvaxholm.se\\\/en\\\/\"},{\"@type\":\"ListItem\",\"position\":2,\"name\":\"Vaxholm Castle\",\"item\":\"https:\\\/\\\/kastelletvaxholm.se\\\/en\\\/vaxholm-castle\\\/\"},{\"@type\":\"ListItem\",\"position\":3,\"name\":\"Wedding &#038; Party\"}]},{\"@type\":\"WebSite\",\"@id\":\"https:\\\/\\\/kastelletvaxholm.se\\\/en\\\/#website\",\"url\":\"https:\\\/\\\/kastelletvaxholm.se\\\/en\\\/\",\"name\":\"Kastellet Bed &amp; Breakfast\",\"description\":\"Upplev Stockholms sk\u00e4rg\u00e5rd och bo p\u00e5 Vaxholms Kastell i en unik milj\u00f6 med anor fr\u00e5n 1500-talet\",\"potentialAction\":[{\"@type\":\"SearchAction\",\"target\":{\"@type\":\"EntryPoint\",\"urlTemplate\":\"https:\\\/\\\/kastelletvaxholm.se\\\/en\\\/?s={search_term_string}\"},\"query-input\":{\"@type\":\"PropertyValueSpecification\",\"valueRequired\":true,\"valueName\":\"search_term_string\"}}],\"inLanguage\":\"en-US\"}]}<\/script>\n<!-- \/ Yoast SEO plugin. -->","yoast_head_json":{"title":"Wedding & Party - Kastellet Bed &amp; Breakfast","robots":{"index":"index","follow":"follow","max-snippet":"max-snippet:-1","max-image-preview":"max-image-preview:large","max-video-preview":"max-video-preview:-1"},"canonical":"https:\/\/kastelletvaxholm.se\/en\/vaxholm-castle\/wedding-party\/","og_locale":"en_US","og_type":"article","og_title":"Wedding & Party - Kastellet Bed &amp; Breakfast","og_description":"[vc_row css_animation=&#8221;&#8221; row_type=&#8221;row&#8221; use_row_as_full_screen_section=&#8221;no&#8221; type=&#8221;grid&#8221; angled_section=&#8221;no&#8221; text_align=&#8221;left&#8221; background_image_as_pattern=&#8221;without_pattern&#8221; el_class=&#8221;content-margin&#8221; z_index=&#8221;&#8221;][vc_column width=&#8221;1\/4&#8243;][vc_widget_sidebar sidebar_id=&#8221;Sidebar Castle&#8221;][\/vc_column][vc_column width=&#8221;3\/4&#8243;][vc_row_inner row_type=&#8221;row&#8221; type=&#8221;full_width&#8221; text_align=&#8221;left&#8221; css_animation=&#8221;&#8221;][vc_column_inner][vc_column_text el_class=&#8221;ingress&#8221;]Kastellet \u00e4r idealiskt f\u00f6r br\u00f6llop och fest, en unik plats f\u00f6r ett unikt tillf\u00e4lle.[\/vc_column_text][vc_column_text]P\u00e5 Kastellet finns ett flertal br\u00f6llopslokaler beroende p\u00e5 hur m\u00e5nga g\u00e4ster man \u00e4r. Se...","og_url":"https:\/\/kastelletvaxholm.se\/en\/vaxholm-castle\/wedding-party\/","og_site_name":"Kastellet Bed &amp; Breakfast","article_modified_time":"2018-01-24T07:30:39+00:00","twitter_card":"summary_large_image","twitter_misc":{"Est. reading time":"1 minute"},"schema":{"@context":"https:\/\/schema.org","@graph":[{"@type":"WebPage","@id":"https:\/\/kastelletvaxholm.se\/en\/vaxholm-castle\/wedding-party\/","url":"https:\/\/kastelletvaxholm.se\/en\/vaxholm-castle\/wedding-party\/","name":"Wedding & Party - Kastellet Bed &amp; Breakfast","isPartOf":{"@id":"https:\/\/kastelletvaxholm.se\/en\/#website"},"datePublished":"2018-01-23T07:34:13+00:00","dateModified":"2018-01-24T07:30:39+00:00","breadcrumb":{"@id":"https:\/\/kastelletvaxholm.se\/en\/vaxholm-castle\/wedding-party\/#breadcrumb"},"inLanguage":"en-US","potentialAction":[{"@type":"ReadAction","target":["https:\/\/kastelletvaxholm.se\/en\/vaxholm-castle\/wedding-party\/"]}]},{"@type":"BreadcrumbList","@id":"https:\/\/kastelletvaxholm.se\/en\/vaxholm-castle\/wedding-party\/#breadcrumb","itemListElement":[{"@type":"ListItem","position":1,"name":"Hem","item":"https:\/\/kastelletvaxholm.se\/en\/"},{"@type":"ListItem","position":2,"name":"Vaxholm Castle","item":"https:\/\/kastelletvaxholm.se\/en\/vaxholm-castle\/"},{"@type":"ListItem","position":3,"name":"Wedding &#038; Party"}]},{"@type":"WebSite","@id":"https:\/\/kastelletvaxholm.se\/en\/#website","url":"https:\/\/kastelletvaxholm.se\/en\/","name":"Kastellet Bed &amp; Breakfast","description":"Upplev Stockholms sk\u00e4rg\u00e5rd och bo p\u00e5 Vaxholms Kastell i en unik milj\u00f6 med anor fr\u00e5n 1500-talet","potentialAction":[{"@type":"SearchAction","target":{"@type":"EntryPoint","urlTemplate":"https:\/\/kastelletvaxholm.se\/en\/?s={search_term_string}"},"query-input":{"@type":"PropertyValueSpecification","valueRequired":true,"valueName":"search_term_string"}}],"inLanguage":"en-US"}]}},"_links":{"self":[{"href":"https:\/\/kastelletvaxholm.se\/en\/wp-json\/wp\/v2\/pages\/676","targetHints":{"allow":["GET"]}}],"collection":[{"href":"https:\/\/kastelletvaxholm.se\/en\/wp-json\/wp\/v2\/pages"}],"about":[{"href":"https:\/\/kastelletvaxholm.se\/en\/wp-json\/wp\/v2\/types\/page"}],"author":[{"embeddable":true,"href":"https:\/\/kastelletvaxholm.se\/en\/wp-json\/wp\/v2\/users\/2"}],"replies":[{"embeddable":true,"href":"https:\/\/kastelletvaxholm.se\/en\/wp-json\/wp\/v2\/comments?post=676"}],"version-history":[{"count":0,"href":"https:\/\/kastelletvaxholm.se\/en\/wp-json\/wp\/v2\/pages\/676\/revisions"}],"up":[{"embeddable":true,"href":"https:\/\/kastelletvaxholm.se\/en\/wp-json\/wp\/v2\/pages\/675"}],"wp:attachment":[{"href":"https:\/\/kastelletvaxholm.se\/en\/wp-json\/wp\/v2\/media?parent=676"}],"curies":[{"name":"wp","href":"https:\/\/api.w.org\/{rel}","templated":true}]}}