{"id":680,"date":"2018-01-23T08:39:36","date_gmt":"2018-01-23T07:39:36","guid":{"rendered":"http:\/\/kastelletvaxholm.se\/?page_id=680"},"modified":"2022-06-07T17:40:55","modified_gmt":"2022-06-07T15:40:55","slug":"my-booking","status":"publish","type":"page","link":"https:\/\/kastelletvaxholm.se\/en\/my-booking\/","title":{"rendered":"My booking"},"content":{"rendered":"<div class=\"wpb-content-wrapper\"><p>[vc_row css_animation=&#8221;&#8221; row_type=&#8221;row&#8221; use_row_as_full_screen_section=&#8221;no&#8221; type=&#8221;grid&#8221; angled_section=&#8221;no&#8221; text_align=&#8221;left&#8221; background_image_as_pattern=&#8221;without_pattern&#8221; el_class=&#8221;content-margin&#8221; z_index=&#8221;&#8221;][vc_column width=&#8221;2\/3&#8243;][vc_row_inner row_type=&#8221;row&#8221; type=&#8221;full_width&#8221; text_align=&#8221;left&#8221; css_animation=&#8221;&#8221;][vc_column_inner width=&#8221;1\/2&#8243;][vc_column_text el_class=&#8221;ingress&#8221;]<\/p>\n<h2>Kastellet<\/h2>\n<p>Here you can find you reservation at Kastellet.[\/vc_column_text][vc_raw_js]JTNDc2NyaXB0JTIwYXN5bmMlMjBkYXRhLWZvcm0taWQlM0QlMjJkMzc3YzMzMDU3OTg0NjllYTQyNmZjZWU1ZmUyMWUxZiUyMiUyMGRhdGEtd2lkZ2V0JTNEJTIycmV2aWV3JTIyJTIwc3JjJTNEJTIyaHR0cHMlM0ElMkYlMkZzZWN1cmVkLnNpcnZveS5jb20lMkZ3aWRnZXQlMkZzaXJ2b3kuanMlMjIlM0UlM0MlMkZzY3JpcHQlM0U=[\/vc_raw_js][\/vc_column_inner][vc_column_inner width=&#8221;1\/2&#8243;][vc_column_text]<\/p>\n<h2>Sj\u00f6villan<\/h2>\n<p>Here you find your reservation at Sj\u00f6villan[\/vc_column_text][vc_raw_js]JTNDc2NyaXB0JTIwYXN5bmMlMjBkYXRhLWZvcm0taWQlM0QlMjI1ZTIxOWE3ZWNmZTQ5JTIyJTIwZGF0YS13aWRnZXQlM0QlMjJyZXZpZXclMjIlMjBzcmMlM0QlMjJodHRwcyUzQSUyRiUyRnNlY3VyZWQuc2lydm95LmNvbSUyRndpZGdldCUyRnNpcnZveS5qcyUyMiUzRSUzQyUyRnNjcmlwdCUzRQ==[\/vc_raw_js][\/vc_column_inner][\/vc_row_inner][\/vc_column][\/vc_row]<\/p>\n<\/div>","protected":false},"excerpt":{"rendered":"<p>[vc_row css_animation=&#8221;&#8221; row_type=&#8221;row&#8221; use_row_as_full_screen_section=&#8221;no&#8221; type=&#8221;grid&#8221; angled_section=&#8221;no&#8221; text_align=&#8221;left&#8221; background_image_as_pattern=&#8221;without_pattern&#8221; el_class=&#8221;content-margin&#8221; z_index=&#8221;&#8221;][vc_column width=&#8221;2\/3&#8243;][vc_row_inner row_type=&#8221;row&#8221; type=&#8221;full_width&#8221; text_align=&#8221;left&#8221; css_animation=&#8221;&#8221;][vc_column_inner width=&#8221;1\/2&#8243;][vc_column_text el_class=&#8221;ingress&#8221;] Kastellet Here you can find you reservation at Kastellet.[\/vc_column_text][vc_raw_js]JTNDc2NyaXB0JTIwYXN5bmMlMjBkYXRhLWZvcm0taWQlM0QlMjJkMzc3YzMzMDU3OTg0NjllYTQyNmZjZWU1ZmUyMWUxZiUyMiUyMGRhdGEtd2lkZ2V0JTNEJTIycmV2aWV3JTIyJTIwc3JjJTNEJTIyaHR0cHMlM0ElMkYlMkZzZWN1cmVkLnNpcnZveS5jb20lMkZ3aWRnZXQlMkZzaXJ2b3kuanMlMjIlM0UlM0MlMkZzY3JpcHQlM0U=[\/vc_raw_js][\/vc_column_inner][vc_column_inner width=&#8221;1\/2&#8243;][vc_column_text] Sj\u00f6villan Here you find your reservation at Sj\u00f6villan[\/vc_column_text][vc_raw_js]JTNDc2NyaXB0JTIwYXN5bmMlMjBkYXRhLWZvcm0taWQlM0QlMjI1ZTIxOWE3ZWNmZTQ5JTIyJTIwZGF0YS13aWRnZXQlM0QlMjJyZXZpZXclMjIlMjBzcmMlM0QlMjJodHRwcyUzQSUyRiUyRnNlY3VyZWQuc2lydm95LmNvbSUyRndpZGdldCUyRnNpcnZveS5qcyUyMiUzRSUzQyUyRnNjcmlwdCUzRQ==[\/vc_raw_js][\/vc_column_inner][\/vc_row_inner][\/vc_column][\/vc_row]<\/p>\n","protected":false},"author":2,"featured_media":0,"parent":0,"menu_order":0,"comment_status":"closed","ping_status":"closed","template":"full_width.php","meta":{"inline_featured_image":false,"footnotes":""},"class_list":["post-680","page","type-page","status-publish","hentry"],"yoast_head":"<!-- This site is optimized with the Yoast SEO plugin v27.3 - https:\/\/yoast.com\/product\/yoast-seo-wordpress\/ -->\n<title>My booking - Kastellet Bed &amp; Breakfast<\/title>\n<meta name=\"robots\" content=\"index, follow, max-snippet:-1, max-image-preview:large, max-video-preview:-1\" \/>\n<link rel=\"canonical\" href=\"https:\/\/kastelletvaxholm.se\/en\/my-booking\/\" \/>\n<meta property=\"og:locale\" content=\"en_US\" \/>\n<meta property=\"og:type\" content=\"article\" \/>\n<meta property=\"og:title\" content=\"My booking - Kastellet Bed &amp; Breakfast\" \/>\n<meta property=\"og:description\" content=\"[vc_row css_animation=&#8221;&#8221; row_type=&#8221;row&#8221; use_row_as_full_screen_section=&#8221;no&#8221; type=&#8221;grid&#8221; angled_section=&#8221;no&#8221; text_align=&#8221;left&#8221; background_image_as_pattern=&#8221;without_pattern&#8221; el_class=&#8221;content-margin&#8221; z_index=&#8221;&#8221;][vc_column width=&#8221;2\/3&#8243;][vc_row_inner row_type=&#8221;row&#8221; type=&#8221;full_width&#8221; text_align=&#8221;left&#8221; css_animation=&#8221;&#8221;][vc_column_inner width=&#8221;1\/2&#8243;][vc_column_text el_class=&#8221;ingress&#8221;] Kastellet Here you can find you reservation at Kastellet.[\/vc_column_text][vc_raw_js]JTNDc2NyaXB0JTIwYXN5bmMlMjBkYXRhLWZvcm0taWQlM0QlMjJkMzc3YzMzMDU3OTg0NjllYTQyNmZjZWU1ZmUyMWUxZiUyMiUyMGRhdGEtd2lkZ2V0JTNEJTIycmV2aWV3JTIyJTIwc3JjJTNEJTIyaHR0cHMlM0ElMkYlMkZzZWN1cmVkLnNpcnZveS5jb20lMkZ3aWRnZXQlMkZzaXJ2b3kuanMlMjIlM0UlM0MlMkZzY3JpcHQlM0U=[\/vc_raw_js][\/vc_column_inner][vc_column_inner width=&#8221;1\/2&#8243;][vc_column_text] Sj\u00f6villan Here you find your reservation at Sj\u00f6villan[\/vc_column_text][vc_raw_js]JTNDc2NyaXB0JTIwYXN5bmMlMjBkYXRhLWZvcm0taWQlM0QlMjI1ZTIxOWE3ZWNmZTQ5JTIyJTIwZGF0YS13aWRnZXQlM0QlMjJyZXZpZXclMjIlMjBzcmMlM0QlMjJodHRwcyUzQSUyRiUyRnNlY3VyZWQuc2lydm95LmNvbSUyRndpZGdldCUyRnNpcnZveS5qcyUyMiUzRSUzQyUyRnNjcmlwdCUzRQ==[\/vc_raw_js][\/vc_column_inner][\/vc_row_inner][\/vc_column][\/vc_row]\" \/>\n<meta property=\"og:url\" content=\"https:\/\/kastelletvaxholm.se\/en\/my-booking\/\" \/>\n<meta property=\"og:site_name\" content=\"Kastellet Bed &amp; Breakfast\" \/>\n<meta property=\"article:modified_time\" content=\"2022-06-07T15:40:55+00:00\" \/>\n<meta name=\"twitter:card\" content=\"summary_large_image\" \/>\n<meta name=\"twitter:label1\" content=\"Est. reading time\" \/>\n\t<meta name=\"twitter:data1\" content=\"1 minute\" \/>\n<script type=\"application\/ld+json\" class=\"yoast-schema-graph\">{\"@context\":\"https:\\\/\\\/schema.org\",\"@graph\":[{\"@type\":\"WebPage\",\"@id\":\"https:\\\/\\\/kastelletvaxholm.se\\\/en\\\/my-booking\\\/\",\"url\":\"https:\\\/\\\/kastelletvaxholm.se\\\/en\\\/my-booking\\\/\",\"name\":\"My booking - Kastellet Bed &amp; Breakfast\",\"isPartOf\":{\"@id\":\"https:\\\/\\\/kastelletvaxholm.se\\\/en\\\/#website\"},\"datePublished\":\"2018-01-23T07:39:36+00:00\",\"dateModified\":\"2022-06-07T15:40:55+00:00\",\"breadcrumb\":{\"@id\":\"https:\\\/\\\/kastelletvaxholm.se\\\/en\\\/my-booking\\\/#breadcrumb\"},\"inLanguage\":\"en-US\",\"potentialAction\":[{\"@type\":\"ReadAction\",\"target\":[\"https:\\\/\\\/kastelletvaxholm.se\\\/en\\\/my-booking\\\/\"]}]},{\"@type\":\"BreadcrumbList\",\"@id\":\"https:\\\/\\\/kastelletvaxholm.se\\\/en\\\/my-booking\\\/#breadcrumb\",\"itemListElement\":[{\"@type\":\"ListItem\",\"position\":1,\"name\":\"Hem\",\"item\":\"https:\\\/\\\/kastelletvaxholm.se\\\/en\\\/\"},{\"@type\":\"ListItem\",\"position\":2,\"name\":\"My booking\"}]},{\"@type\":\"WebSite\",\"@id\":\"https:\\\/\\\/kastelletvaxholm.se\\\/en\\\/#website\",\"url\":\"https:\\\/\\\/kastelletvaxholm.se\\\/en\\\/\",\"name\":\"Kastellet Bed &amp; Breakfast\",\"description\":\"Upplev Stockholms sk\u00e4rg\u00e5rd och bo p\u00e5 Vaxholms Kastell i en unik milj\u00f6 med anor fr\u00e5n 1500-talet\",\"potentialAction\":[{\"@type\":\"SearchAction\",\"target\":{\"@type\":\"EntryPoint\",\"urlTemplate\":\"https:\\\/\\\/kastelletvaxholm.se\\\/en\\\/?s={search_term_string}\"},\"query-input\":{\"@type\":\"PropertyValueSpecification\",\"valueRequired\":true,\"valueName\":\"search_term_string\"}}],\"inLanguage\":\"en-US\"}]}<\/script>\n<!-- \/ Yoast SEO plugin. -->","yoast_head_json":{"title":"My booking - Kastellet Bed &amp; Breakfast","robots":{"index":"index","follow":"follow","max-snippet":"max-snippet:-1","max-image-preview":"max-image-preview:large","max-video-preview":"max-video-preview:-1"},"canonical":"https:\/\/kastelletvaxholm.se\/en\/my-booking\/","og_locale":"en_US","og_type":"article","og_title":"My booking - Kastellet Bed &amp; Breakfast","og_description":"[vc_row css_animation=&#8221;&#8221; row_type=&#8221;row&#8221; use_row_as_full_screen_section=&#8221;no&#8221; type=&#8221;grid&#8221; angled_section=&#8221;no&#8221; text_align=&#8221;left&#8221; background_image_as_pattern=&#8221;without_pattern&#8221; el_class=&#8221;content-margin&#8221; z_index=&#8221;&#8221;][vc_column width=&#8221;2\/3&#8243;][vc_row_inner row_type=&#8221;row&#8221; type=&#8221;full_width&#8221; text_align=&#8221;left&#8221; css_animation=&#8221;&#8221;][vc_column_inner width=&#8221;1\/2&#8243;][vc_column_text el_class=&#8221;ingress&#8221;] Kastellet Here you can find you reservation at Kastellet.[\/vc_column_text][vc_raw_js]JTNDc2NyaXB0JTIwYXN5bmMlMjBkYXRhLWZvcm0taWQlM0QlMjJkMzc3YzMzMDU3OTg0NjllYTQyNmZjZWU1ZmUyMWUxZiUyMiUyMGRhdGEtd2lkZ2V0JTNEJTIycmV2aWV3JTIyJTIwc3JjJTNEJTIyaHR0cHMlM0ElMkYlMkZzZWN1cmVkLnNpcnZveS5jb20lMkZ3aWRnZXQlMkZzaXJ2b3kuanMlMjIlM0UlM0MlMkZzY3JpcHQlM0U=[\/vc_raw_js][\/vc_column_inner][vc_column_inner width=&#8221;1\/2&#8243;][vc_column_text] Sj\u00f6villan Here you find your reservation at Sj\u00f6villan[\/vc_column_text][vc_raw_js]JTNDc2NyaXB0JTIwYXN5bmMlMjBkYXRhLWZvcm0taWQlM0QlMjI1ZTIxOWE3ZWNmZTQ5JTIyJTIwZGF0YS13aWRnZXQlM0QlMjJyZXZpZXclMjIlMjBzcmMlM0QlMjJodHRwcyUzQSUyRiUyRnNlY3VyZWQuc2lydm95LmNvbSUyRndpZGdldCUyRnNpcnZveS5qcyUyMiUzRSUzQyUyRnNjcmlwdCUzRQ==[\/vc_raw_js][\/vc_column_inner][\/vc_row_inner][\/vc_column][\/vc_row]","og_url":"https:\/\/kastelletvaxholm.se\/en\/my-booking\/","og_site_name":"Kastellet Bed &amp; Breakfast","article_modified_time":"2022-06-07T15:40:55+00:00","twitter_card":"summary_large_image","twitter_misc":{"Est. reading time":"1 minute"},"schema":{"@context":"https:\/\/schema.org","@graph":[{"@type":"WebPage","@id":"https:\/\/kastelletvaxholm.se\/en\/my-booking\/","url":"https:\/\/kastelletvaxholm.se\/en\/my-booking\/","name":"My booking - Kastellet Bed &amp; Breakfast","isPartOf":{"@id":"https:\/\/kastelletvaxholm.se\/en\/#website"},"datePublished":"2018-01-23T07:39:36+00:00","dateModified":"2022-06-07T15:40:55+00:00","breadcrumb":{"@id":"https:\/\/kastelletvaxholm.se\/en\/my-booking\/#breadcrumb"},"inLanguage":"en-US","potentialAction":[{"@type":"ReadAction","target":["https:\/\/kastelletvaxholm.se\/en\/my-booking\/"]}]},{"@type":"BreadcrumbList","@id":"https:\/\/kastelletvaxholm.se\/en\/my-booking\/#breadcrumb","itemListElement":[{"@type":"ListItem","position":1,"name":"Hem","item":"https:\/\/kastelletvaxholm.se\/en\/"},{"@type":"ListItem","position":2,"name":"My booking"}]},{"@type":"WebSite","@id":"https:\/\/kastelletvaxholm.se\/en\/#website","url":"https:\/\/kastelletvaxholm.se\/en\/","name":"Kastellet Bed &amp; Breakfast","description":"Upplev Stockholms sk\u00e4rg\u00e5rd och bo p\u00e5 Vaxholms Kastell i en unik milj\u00f6 med anor fr\u00e5n 1500-talet","potentialAction":[{"@type":"SearchAction","target":{"@type":"EntryPoint","urlTemplate":"https:\/\/kastelletvaxholm.se\/en\/?s={search_term_string}"},"query-input":{"@type":"PropertyValueSpecification","valueRequired":true,"valueName":"search_term_string"}}],"inLanguage":"en-US"}]}},"_links":{"self":[{"href":"https:\/\/kastelletvaxholm.se\/en\/wp-json\/wp\/v2\/pages\/680","targetHints":{"allow":["GET"]}}],"collection":[{"href":"https:\/\/kastelletvaxholm.se\/en\/wp-json\/wp\/v2\/pages"}],"about":[{"href":"https:\/\/kastelletvaxholm.se\/en\/wp-json\/wp\/v2\/types\/page"}],"author":[{"embeddable":true,"href":"https:\/\/kastelletvaxholm.se\/en\/wp-json\/wp\/v2\/users\/2"}],"replies":[{"embeddable":true,"href":"https:\/\/kastelletvaxholm.se\/en\/wp-json\/wp\/v2\/comments?post=680"}],"version-history":[{"count":0,"href":"https:\/\/kastelletvaxholm.se\/en\/wp-json\/wp\/v2\/pages\/680\/revisions"}],"wp:attachment":[{"href":"https:\/\/kastelletvaxholm.se\/en\/wp-json\/wp\/v2\/media?parent=680"}],"curies":[{"name":"wp","href":"https:\/\/api.w.org\/{rel}","templated":true}]}}