{"id":684,"date":"2018-01-23T08:41:28","date_gmt":"2018-01-23T07:41:28","guid":{"rendered":"http:\/\/kastelletvaxholm.se\/?page_id=684"},"modified":"2018-01-24T08:26:44","modified_gmt":"2018-01-24T07:26:44","slug":"food-drink","status":"publish","type":"page","link":"https:\/\/kastelletvaxholm.se\/en\/vaxholm\/food-drink\/","title":{"rendered":"Food &#038; drink"},"content":{"rendered":"<div class=\"wpb-content-wrapper\"><p>[vc_row css_animation=&#8221;&#8221; row_type=&#8221;row&#8221; use_row_as_full_screen_section=&#8221;no&#8221; type=&#8221;grid&#8221; angled_section=&#8221;no&#8221; text_align=&#8221;left&#8221; background_image_as_pattern=&#8221;without_pattern&#8221; el_class=&#8221;content-margin&#8221; z_index=&#8221;&#8221;][vc_column width=&#8221;1\/4&#8243;][vc_widget_sidebar sidebar_id=&#8221;Sidebar Vaxholm En&#8221;][\/vc_column][vc_column width=&#8221;3\/4&#8243;][vc_row_inner row_type=&#8221;row&#8221; type=&#8221;full_width&#8221; text_align=&#8221;left&#8221; css_animation=&#8221;&#8221;][vc_column_inner][vc_column_text el_class=&#8221;ingress&#8221;]<\/p>\n<h2>In Vaxholm are several restaurants with varying orientation and price points.<\/h2>\n<p>[\/vc_column_text][vc_column_text]See <a href=\"http:\/\/upplevvaxholm.se\" target=\"_blank\" rel=\"noopener\">upplevvaxholm.se<\/a> for further information. Soon we will list some of our favorites[\/vc_column_text][\/vc_column_inner][\/vc_row_inner][\/vc_column][\/vc_row]<\/p>\n<\/div>","protected":false},"excerpt":{"rendered":"<p>[vc_row css_animation=&#8221;&#8221; row_type=&#8221;row&#8221; use_row_as_full_screen_section=&#8221;no&#8221; type=&#8221;grid&#8221; angled_section=&#8221;no&#8221; text_align=&#8221;left&#8221; background_image_as_pattern=&#8221;without_pattern&#8221; el_class=&#8221;content-margin&#8221; z_index=&#8221;&#8221;][vc_column width=&#8221;1\/4&#8243;][vc_widget_sidebar sidebar_id=&#8221;Sidebar Vaxholm En&#8221;][\/vc_column][vc_column width=&#8221;3\/4&#8243;][vc_row_inner row_type=&#8221;row&#8221; type=&#8221;full_width&#8221; text_align=&#8221;left&#8221; css_animation=&#8221;&#8221;][vc_column_inner][vc_column_text el_class=&#8221;ingress&#8221;] In Vaxholm are several restaurants with varying orientation and price points. [\/vc_column_text][vc_column_text]See upplevvaxholm.se for further information. Soon we will list some of our favorites[\/vc_column_text][\/vc_column_inner][\/vc_row_inner][\/vc_column][\/vc_row]<\/p>\n","protected":false},"author":2,"featured_media":0,"parent":681,"menu_order":0,"comment_status":"closed","ping_status":"closed","template":"full_width.php","meta":{"inline_featured_image":false,"footnotes":""},"class_list":["post-684","page","type-page","status-publish","hentry"],"yoast_head":"<!-- This site is optimized with the Yoast SEO plugin v27.3 - https:\/\/yoast.com\/product\/yoast-seo-wordpress\/ -->\n<title>Food &amp; drink - Kastellet Bed &amp; Breakfast<\/title>\n<meta name=\"robots\" content=\"index, follow, max-snippet:-1, max-image-preview:large, max-video-preview:-1\" \/>\n<link rel=\"canonical\" href=\"https:\/\/kastelletvaxholm.se\/en\/vaxholm\/food-drink\/\" \/>\n<meta property=\"og:locale\" content=\"en_US\" \/>\n<meta property=\"og:type\" content=\"article\" \/>\n<meta property=\"og:title\" content=\"Food &amp; drink - Kastellet Bed &amp; Breakfast\" \/>\n<meta property=\"og:description\" content=\"[vc_row css_animation=&#8221;&#8221; row_type=&#8221;row&#8221; use_row_as_full_screen_section=&#8221;no&#8221; type=&#8221;grid&#8221; angled_section=&#8221;no&#8221; text_align=&#8221;left&#8221; background_image_as_pattern=&#8221;without_pattern&#8221; el_class=&#8221;content-margin&#8221; z_index=&#8221;&#8221;][vc_column width=&#8221;1\/4&#8243;][vc_widget_sidebar sidebar_id=&#8221;Sidebar Vaxholm En&#8221;][\/vc_column][vc_column width=&#8221;3\/4&#8243;][vc_row_inner row_type=&#8221;row&#8221; type=&#8221;full_width&#8221; text_align=&#8221;left&#8221; css_animation=&#8221;&#8221;][vc_column_inner][vc_column_text el_class=&#8221;ingress&#8221;] In Vaxholm are several restaurants with varying orientation and price points. [\/vc_column_text][vc_column_text]See upplevvaxholm.se for further information. Soon we will list some of our favorites[\/vc_column_text][\/vc_column_inner][\/vc_row_inner][\/vc_column][\/vc_row]\" \/>\n<meta property=\"og:url\" content=\"https:\/\/kastelletvaxholm.se\/en\/vaxholm\/food-drink\/\" \/>\n<meta property=\"og:site_name\" content=\"Kastellet Bed &amp; Breakfast\" \/>\n<meta property=\"article:modified_time\" content=\"2018-01-24T07:26:44+00:00\" \/>\n<meta name=\"twitter:card\" content=\"summary_large_image\" \/>\n<meta name=\"twitter:label1\" content=\"Est. reading time\" \/>\n\t<meta name=\"twitter:data1\" content=\"1 minute\" \/>\n<script type=\"application\/ld+json\" class=\"yoast-schema-graph\">{\"@context\":\"https:\\\/\\\/schema.org\",\"@graph\":[{\"@type\":\"WebPage\",\"@id\":\"https:\\\/\\\/kastelletvaxholm.se\\\/en\\\/vaxholm\\\/food-drink\\\/\",\"url\":\"https:\\\/\\\/kastelletvaxholm.se\\\/en\\\/vaxholm\\\/food-drink\\\/\",\"name\":\"Food & drink - Kastellet Bed &amp; Breakfast\",\"isPartOf\":{\"@id\":\"https:\\\/\\\/kastelletvaxholm.se\\\/en\\\/#website\"},\"datePublished\":\"2018-01-23T07:41:28+00:00\",\"dateModified\":\"2018-01-24T07:26:44+00:00\",\"breadcrumb\":{\"@id\":\"https:\\\/\\\/kastelletvaxholm.se\\\/en\\\/vaxholm\\\/food-drink\\\/#breadcrumb\"},\"inLanguage\":\"en-US\",\"potentialAction\":[{\"@type\":\"ReadAction\",\"target\":[\"https:\\\/\\\/kastelletvaxholm.se\\\/en\\\/vaxholm\\\/food-drink\\\/\"]}]},{\"@type\":\"BreadcrumbList\",\"@id\":\"https:\\\/\\\/kastelletvaxholm.se\\\/en\\\/vaxholm\\\/food-drink\\\/#breadcrumb\",\"itemListElement\":[{\"@type\":\"ListItem\",\"position\":1,\"name\":\"Hem\",\"item\":\"https:\\\/\\\/kastelletvaxholm.se\\\/en\\\/\"},{\"@type\":\"ListItem\",\"position\":2,\"name\":\"Vaxholm\",\"item\":\"https:\\\/\\\/kastelletvaxholm.se\\\/en\\\/vaxholm\\\/\"},{\"@type\":\"ListItem\",\"position\":3,\"name\":\"Food &#038; drink\"}]},{\"@type\":\"WebSite\",\"@id\":\"https:\\\/\\\/kastelletvaxholm.se\\\/en\\\/#website\",\"url\":\"https:\\\/\\\/kastelletvaxholm.se\\\/en\\\/\",\"name\":\"Kastellet Bed &amp; Breakfast\",\"description\":\"Upplev Stockholms sk\u00e4rg\u00e5rd och bo p\u00e5 Vaxholms Kastell i en unik milj\u00f6 med anor fr\u00e5n 1500-talet\",\"potentialAction\":[{\"@type\":\"SearchAction\",\"target\":{\"@type\":\"EntryPoint\",\"urlTemplate\":\"https:\\\/\\\/kastelletvaxholm.se\\\/en\\\/?s={search_term_string}\"},\"query-input\":{\"@type\":\"PropertyValueSpecification\",\"valueRequired\":true,\"valueName\":\"search_term_string\"}}],\"inLanguage\":\"en-US\"}]}<\/script>\n<!-- \/ Yoast SEO plugin. -->","yoast_head_json":{"title":"Food & drink - Kastellet Bed &amp; Breakfast","robots":{"index":"index","follow":"follow","max-snippet":"max-snippet:-1","max-image-preview":"max-image-preview:large","max-video-preview":"max-video-preview:-1"},"canonical":"https:\/\/kastelletvaxholm.se\/en\/vaxholm\/food-drink\/","og_locale":"en_US","og_type":"article","og_title":"Food & drink - Kastellet Bed &amp; Breakfast","og_description":"[vc_row css_animation=&#8221;&#8221; row_type=&#8221;row&#8221; use_row_as_full_screen_section=&#8221;no&#8221; type=&#8221;grid&#8221; angled_section=&#8221;no&#8221; text_align=&#8221;left&#8221; background_image_as_pattern=&#8221;without_pattern&#8221; el_class=&#8221;content-margin&#8221; z_index=&#8221;&#8221;][vc_column width=&#8221;1\/4&#8243;][vc_widget_sidebar sidebar_id=&#8221;Sidebar Vaxholm En&#8221;][\/vc_column][vc_column width=&#8221;3\/4&#8243;][vc_row_inner row_type=&#8221;row&#8221; type=&#8221;full_width&#8221; text_align=&#8221;left&#8221; css_animation=&#8221;&#8221;][vc_column_inner][vc_column_text el_class=&#8221;ingress&#8221;] In Vaxholm are several restaurants with varying orientation and price points. [\/vc_column_text][vc_column_text]See upplevvaxholm.se for further information. Soon we will list some of our favorites[\/vc_column_text][\/vc_column_inner][\/vc_row_inner][\/vc_column][\/vc_row]","og_url":"https:\/\/kastelletvaxholm.se\/en\/vaxholm\/food-drink\/","og_site_name":"Kastellet Bed &amp; Breakfast","article_modified_time":"2018-01-24T07:26:44+00:00","twitter_card":"summary_large_image","twitter_misc":{"Est. reading time":"1 minute"},"schema":{"@context":"https:\/\/schema.org","@graph":[{"@type":"WebPage","@id":"https:\/\/kastelletvaxholm.se\/en\/vaxholm\/food-drink\/","url":"https:\/\/kastelletvaxholm.se\/en\/vaxholm\/food-drink\/","name":"Food & drink - Kastellet Bed &amp; Breakfast","isPartOf":{"@id":"https:\/\/kastelletvaxholm.se\/en\/#website"},"datePublished":"2018-01-23T07:41:28+00:00","dateModified":"2018-01-24T07:26:44+00:00","breadcrumb":{"@id":"https:\/\/kastelletvaxholm.se\/en\/vaxholm\/food-drink\/#breadcrumb"},"inLanguage":"en-US","potentialAction":[{"@type":"ReadAction","target":["https:\/\/kastelletvaxholm.se\/en\/vaxholm\/food-drink\/"]}]},{"@type":"BreadcrumbList","@id":"https:\/\/kastelletvaxholm.se\/en\/vaxholm\/food-drink\/#breadcrumb","itemListElement":[{"@type":"ListItem","position":1,"name":"Hem","item":"https:\/\/kastelletvaxholm.se\/en\/"},{"@type":"ListItem","position":2,"name":"Vaxholm","item":"https:\/\/kastelletvaxholm.se\/en\/vaxholm\/"},{"@type":"ListItem","position":3,"name":"Food &#038; drink"}]},{"@type":"WebSite","@id":"https:\/\/kastelletvaxholm.se\/en\/#website","url":"https:\/\/kastelletvaxholm.se\/en\/","name":"Kastellet Bed &amp; Breakfast","description":"Upplev Stockholms sk\u00e4rg\u00e5rd och bo p\u00e5 Vaxholms Kastell i en unik milj\u00f6 med anor fr\u00e5n 1500-talet","potentialAction":[{"@type":"SearchAction","target":{"@type":"EntryPoint","urlTemplate":"https:\/\/kastelletvaxholm.se\/en\/?s={search_term_string}"},"query-input":{"@type":"PropertyValueSpecification","valueRequired":true,"valueName":"search_term_string"}}],"inLanguage":"en-US"}]}},"_links":{"self":[{"href":"https:\/\/kastelletvaxholm.se\/en\/wp-json\/wp\/v2\/pages\/684","targetHints":{"allow":["GET"]}}],"collection":[{"href":"https:\/\/kastelletvaxholm.se\/en\/wp-json\/wp\/v2\/pages"}],"about":[{"href":"https:\/\/kastelletvaxholm.se\/en\/wp-json\/wp\/v2\/types\/page"}],"author":[{"embeddable":true,"href":"https:\/\/kastelletvaxholm.se\/en\/wp-json\/wp\/v2\/users\/2"}],"replies":[{"embeddable":true,"href":"https:\/\/kastelletvaxholm.se\/en\/wp-json\/wp\/v2\/comments?post=684"}],"version-history":[{"count":0,"href":"https:\/\/kastelletvaxholm.se\/en\/wp-json\/wp\/v2\/pages\/684\/revisions"}],"up":[{"embeddable":true,"href":"https:\/\/kastelletvaxholm.se\/en\/wp-json\/wp\/v2\/pages\/681"}],"wp:attachment":[{"href":"https:\/\/kastelletvaxholm.se\/en\/wp-json\/wp\/v2\/media?parent=684"}],"curies":[{"name":"wp","href":"https:\/\/api.w.org\/{rel}","templated":true}]}}